{"id":58816,"date":"2024-10-30T09:13:37","date_gmt":"2024-10-30T08:13:37","guid":{"rendered":"https:\/\/www.quarzkiesboden.de\/qubo-berlin-base\/"},"modified":"2025-12-02T13:36:03","modified_gmt":"2025-12-02T12:36:03","slug":"qubo-berlin-base","status":"publish","type":"page","link":"https:\/\/www.quarzkiesboden.de\/en\/qubo-berlin-base\/","title":{"rendered":"Qubo\u00ae Berlin base"},"content":{"rendered":"\t\t<div data-elementor-type=\"wp-page\" data-elementor-id=\"58816\" class=\"elementor elementor-58816 elementor-55714\" data-elementor-post-type=\"page\">\n\t\t\t\t<div data-particle_enable=\"false\" data-particle-mobile-disabled=\"false\" class=\"elementor-element elementor-element-46c9754 e-flex e-con-boxed e-con e-parent\" data-id=\"46c9754\" data-element_type=\"container\" data-settings=\"{&quot;background_background&quot;:&quot;classic&quot;,&quot;jet_parallax_layout_list&quot;:[]}\">\n\t\t\t\t\t<div class=\"e-con-inner\">\n\t\t\t\t<div class=\"elementor-element elementor-element-57cfb02 elementor-widget elementor-widget-heading\" data-id=\"57cfb02\" data-element_type=\"widget\" data-widget_type=\"heading.default\">\n\t\t\t\t<div class=\"elementor-widget-container\">\n\t\t\t<h1 class=\"elementor-heading-title elementor-size-default\"><strong>Qubo\u00ae Point<\/strong><br>Partner for stone carpet, microcement and epoxy resin in Berlin<\/h1>\t\t<\/div>\n\t\t\t\t<\/div>\n\t\t\t\t\t<\/div>\n\t\t\t\t<\/div>\n\t\t<div data-particle_enable=\"false\" data-particle-mobile-disabled=\"false\" class=\"elementor-element elementor-element-f947a2f e-flex e-con-boxed e-con e-parent\" data-id=\"f947a2f\" data-element_type=\"container\" data-settings=\"{&quot;jet_parallax_layout_list&quot;:[{&quot;jet_parallax_layout_image&quot;:{&quot;url&quot;:&quot;&quot;,&quot;id&quot;:&quot;&quot;,&quot;size&quot;:&quot;&quot;},&quot;_id&quot;:&quot;d62ac89&quot;,&quot;jet_parallax_layout_image_laptop&quot;:{&quot;url&quot;:&quot;&quot;,&quot;id&quot;:&quot;&quot;,&quot;size&quot;:&quot;&quot;},&quot;jet_parallax_layout_image_tablet&quot;:{&quot;url&quot;:&quot;&quot;,&quot;id&quot;:&quot;&quot;,&quot;size&quot;:&quot;&quot;},&quot;jet_parallax_layout_image_mobile&quot;:{&quot;url&quot;:&quot;&quot;,&quot;id&quot;:&quot;&quot;,&quot;size&quot;:&quot;&quot;},&quot;jet_parallax_layout_speed&quot;:{&quot;unit&quot;:&quot;%&quot;,&quot;size&quot;:50,&quot;sizes&quot;:[]},&quot;jet_parallax_layout_type&quot;:&quot;scroll&quot;,&quot;jet_parallax_layout_direction&quot;:&quot;1&quot;,&quot;jet_parallax_layout_fx_direction&quot;:null,&quot;jet_parallax_layout_z_index&quot;:&quot;&quot;,&quot;jet_parallax_layout_bg_x&quot;:50,&quot;jet_parallax_layout_bg_x_laptop&quot;:&quot;&quot;,&quot;jet_parallax_layout_bg_x_tablet&quot;:&quot;&quot;,&quot;jet_parallax_layout_bg_x_mobile&quot;:&quot;&quot;,&quot;jet_parallax_layout_bg_y&quot;:50,&quot;jet_parallax_layout_bg_y_laptop&quot;:&quot;&quot;,&quot;jet_parallax_layout_bg_y_tablet&quot;:&quot;&quot;,&quot;jet_parallax_layout_bg_y_mobile&quot;:&quot;&quot;,&quot;jet_parallax_layout_bg_size&quot;:&quot;auto&quot;,&quot;jet_parallax_layout_bg_size_laptop&quot;:&quot;&quot;,&quot;jet_parallax_layout_bg_size_tablet&quot;:&quot;&quot;,&quot;jet_parallax_layout_bg_size_mobile&quot;:&quot;&quot;,&quot;jet_parallax_layout_animation_prop&quot;:&quot;transform&quot;,&quot;jet_parallax_layout_on&quot;:[&quot;desktop&quot;,&quot;tablet&quot;]}]}\">\n\t\t\t\t\t<div class=\"e-con-inner\">\n\t\t<div data-particle_enable=\"false\" data-particle-mobile-disabled=\"false\" class=\"elementor-element elementor-element-733cc8d e-con-full e-flex e-con e-child\" data-id=\"733cc8d\" data-element_type=\"container\" data-settings=\"{&quot;jet_parallax_layout_list&quot;:[]}\">\n\t\t\t\t<div class=\"elementor-element elementor-element-b942786 elementor-widget elementor-widget-heading\" data-id=\"b942786\" data-element_type=\"widget\" data-widget_type=\"heading.default\">\n\t\t\t\t<div class=\"elementor-widget-container\">\n\t\t\t<h2 class=\"elementor-heading-title elementor-size-default\">Qubo\u00ae Point Berlin is your point of contact for seamless coating systems. <\/h2>\t\t<\/div>\n\t\t\t\t<\/div>\n\t\t\t\t<div class=\"elementor-element elementor-element-81e6b1f elementor-widget elementor-widget-text-editor\" data-id=\"81e6b1f\" data-element_type=\"widget\" data-widget_type=\"text-editor.default\">\n\t\t\t\t<div class=\"elementor-widget-container\">\n\t\t\t\t\t\t\t<p><strong>Discover new and creative design ideas for your home!<\/strong><br>Our partner in Berlin will be happy to assist you and advise you in detail on the many possible applications of <strong>Qubo\u00ae coating systems<\/strong>. Experience the world of seamless floor and wall design with stone carpet, microcement, epoxy resin and lime marble plaster, both indoors and outdoors. In addition, there is the laying of natural slate, ceiling design with stretch ceilings and the seamless coating of exterior surfaces with <strong>Qubo\u00aeTec<\/strong>.  <\/p><p>Let yourself be inspired and transform your home into an individual oasis of well-being.<\/p>\t\t\t\t\t\t<\/div>\n\t\t\t\t<\/div>\n\t\t\t\t<div class=\"elementor-element elementor-element-aea0d52 elementor-widget-divider--view-line elementor-widget elementor-widget-divider\" data-id=\"aea0d52\" data-element_type=\"widget\" data-widget_type=\"divider.default\">\n\t\t\t\t<div class=\"elementor-widget-container\">\n\t\t\t\t\t<div class=\"elementor-divider\">\n\t\t\t<span class=\"elementor-divider-separator\">\n\t\t\t\t\t\t<\/span>\n\t\t<\/div>\n\t\t\t\t<\/div>\n\t\t\t\t<\/div>\n\t\t\t\t<div class=\"elementor-element elementor-element-42f2920 elementor-widget elementor-widget-heading\" data-id=\"42f2920\" data-element_type=\"widget\" data-widget_type=\"heading.default\">\n\t\t\t\t<div class=\"elementor-widget-container\">\n\t\t\t<h3 class=\"elementor-heading-title elementor-size-default\"><span>Catchment area<\/span> This is where the Qubo\u00ae base designs walls, floors and stairs for you in the Berlin area<\/h3>\t\t<\/div>\n\t\t\t\t<\/div>\n\t\t\t\t<div class=\"elementor-element elementor-element-4ad9226 elementor-widget elementor-widget-text-editor\" data-id=\"4ad9226\" data-element_type=\"widget\" data-widget_type=\"text-editor.default\">\n\t\t\t\t<div class=\"elementor-widget-container\">\n\t\t\t\t\t\t\t<p><span style=\"text-align: var(--text-align);\">Berlin <\/span>is one of the most famous cities in Germany. With a population of around 3,800,000 inhabitants, Berlin is one of the country&#8217;s larger cities. <\/p><p>The city is divided into a total of 12 districts, including Friedrichshain-Kreuzberg, Pankow, Mitte, Charlottenburg-Willmersdorf, Spandau, Steglitz-Zehlendorf, Tempelhof-Sch\u00f6neberg, Neuk\u00f6lln, Treptow-K\u00f6penick, Marzahn-Hellersdorf, Lichtenberg and Reinickendorf. Each district offers a variety of residential and leisure opportunities. <\/p><p>There are various towns and municipalities in the immediate vicinity of Berlin, such as Potsdam, Oranienburg, Bernau, K\u00f6nigs Wusterhausen and Falkensee.<\/p>\t\t\t\t\t\t<\/div>\n\t\t\t\t<\/div>\n\t\t\t\t<div class=\"elementor-element elementor-element-3e6007d elementor-icon-list--layout-inline elementor-list-item-link-full_width elementor-widget elementor-widget-icon-list\" data-id=\"3e6007d\" data-element_type=\"widget\" data-widget_type=\"icon-list.default\">\n\t\t\t\t<div class=\"elementor-widget-container\">\n\t\t\t\t\t<ul class=\"elementor-icon-list-items elementor-inline-items\">\n\t\t\t\t\t\t\t<li class=\"elementor-icon-list-item elementor-inline-item\">\n\t\t\t\t\t\t\t\t\t\t\t<span class=\"elementor-icon-list-icon\">\n\t\t\t\t\t\t\t<i aria-hidden=\"true\" class=\"fas fa-check\"><\/i>\t\t\t\t\t\t<\/span>\n\t\t\t\t\t\t\t\t\t\t<span class=\"elementor-icon-list-text\">Stone carpet<\/span>\n\t\t\t\t\t\t\t\t\t<\/li>\n\t\t\t\t\t\t\t\t<li class=\"elementor-icon-list-item elementor-inline-item\">\n\t\t\t\t\t\t\t\t\t\t\t<span class=\"elementor-icon-list-icon\">\n\t\t\t\t\t\t\t<i aria-hidden=\"true\" class=\"fas fa-check\"><\/i>\t\t\t\t\t\t<\/span>\n\t\t\t\t\t\t\t\t\t\t<span class=\"elementor-icon-list-text\">Qubo\u00aeTec<\/span>\n\t\t\t\t\t\t\t\t\t<\/li>\n\t\t\t\t\t\t\t\t<li class=\"elementor-icon-list-item elementor-inline-item\">\n\t\t\t\t\t\t\t\t\t\t\t<span class=\"elementor-icon-list-icon\">\n\t\t\t\t\t\t\t<i aria-hidden=\"true\" class=\"fas fa-check\"><\/i>\t\t\t\t\t\t<\/span>\n\t\t\t\t\t\t\t\t\t\t<span class=\"elementor-icon-list-text\">Microcement<\/span>\n\t\t\t\t\t\t\t\t\t<\/li>\n\t\t\t\t\t\t\t\t<li class=\"elementor-icon-list-item elementor-inline-item\">\n\t\t\t\t\t\t\t\t\t\t\t<span class=\"elementor-icon-list-icon\">\n\t\t\t\t\t\t\t<i aria-hidden=\"true\" class=\"fas fa-check\"><\/i>\t\t\t\t\t\t<\/span>\n\t\t\t\t\t\t\t\t\t\t<span class=\"elementor-icon-list-text\">Epoxy resin<\/span>\n\t\t\t\t\t\t\t\t\t<\/li>\n\t\t\t\t\t\t\t\t<li class=\"elementor-icon-list-item elementor-inline-item\">\n\t\t\t\t\t\t\t\t\t\t\t<span class=\"elementor-icon-list-icon\">\n\t\t\t\t\t\t\t<i aria-hidden=\"true\" class=\"fas fa-check\"><\/i>\t\t\t\t\t\t<\/span>\n\t\t\t\t\t\t\t\t\t\t<span class=\"elementor-icon-list-text\">Lime marble plaster<\/span>\n\t\t\t\t\t\t\t\t\t<\/li>\n\t\t\t\t\t\t\t\t<li class=\"elementor-icon-list-item elementor-inline-item\">\n\t\t\t\t\t\t\t\t\t\t\t<span class=\"elementor-icon-list-icon\">\n\t\t\t\t\t\t\t<i aria-hidden=\"true\" class=\"fas fa-check\"><\/i>\t\t\t\t\t\t<\/span>\n\t\t\t\t\t\t\t\t\t\t<span class=\"elementor-icon-list-text\">Natural slate<\/span>\n\t\t\t\t\t\t\t\t\t<\/li>\n\t\t\t\t\t\t\t\t<li class=\"elementor-icon-list-item elementor-inline-item\">\n\t\t\t\t\t\t\t\t\t\t\t<span class=\"elementor-icon-list-icon\">\n\t\t\t\t\t\t\t<i aria-hidden=\"true\" class=\"fas fa-check\"><\/i>\t\t\t\t\t\t<\/span>\n\t\t\t\t\t\t\t\t\t\t<span class=\"elementor-icon-list-text\">Stretch ceilings<\/span>\n\t\t\t\t\t\t\t\t\t<\/li>\n\t\t\t\t\t\t<\/ul>\n\t\t\t\t<\/div>\n\t\t\t\t<\/div>\n\t\t\t\t<\/div>\n\t\t<div data-particle_enable=\"false\" data-particle-mobile-disabled=\"false\" class=\"elementor-element elementor-element-8012c53 e-con-full e-flex e-con e-child\" data-id=\"8012c53\" data-element_type=\"container\" data-settings=\"{&quot;background_background&quot;:&quot;classic&quot;,&quot;jet_parallax_layout_list&quot;:[]}\">\n\t\t<div data-particle_enable=\"false\" data-particle-mobile-disabled=\"false\" class=\"elementor-element elementor-element-37ba2dc e-con-full e-flex e-con e-child\" data-id=\"37ba2dc\" data-element_type=\"container\" data-settings=\"{&quot;jet_parallax_layout_list&quot;:[],&quot;background_background&quot;:&quot;classic&quot;}\">\n\t\t\t\t<div class=\"elementor-element elementor-element-eaaa94b elementor-widget elementor-widget-heading\" data-id=\"eaaa94b\" data-element_type=\"widget\" data-widget_type=\"heading.default\">\n\t\t\t\t<div class=\"elementor-widget-container\">\n\t\t\t<h2 class=\"elementor-heading-title elementor-size-default\">Contact details<\/h2>\t\t<\/div>\n\t\t\t\t<\/div>\n\t\t\t\t<div class=\"elementor-element elementor-element-7717035 elementor-widget elementor-widget-text-editor\" data-id=\"7717035\" data-element_type=\"widget\" data-widget_type=\"text-editor.default\">\n\t\t\t\t<div class=\"elementor-widget-container\">\n\t\t\t\t\t\t\t<p><strong>Qubo\u00ae Point Berlin<\/strong><br>Achim Zimmermann<br>10115 Berlin<br>Deutschland<\/p><p> <\/p>\t\t\t\t\t\t<\/div>\n\t\t\t\t<\/div>\n\t\t\t\t<div class=\"elementor-element elementor-element-1fa7810 elementor-icon-list--layout-traditional elementor-list-item-link-full_width elementor-widget elementor-widget-icon-list\" data-id=\"1fa7810\" data-element_type=\"widget\" data-widget_type=\"icon-list.default\">\n\t\t\t\t<div class=\"elementor-widget-container\">\n\t\t\t\t\t<ul class=\"elementor-icon-list-items\">\n\t\t\t\t\t\t\t<li class=\"elementor-icon-list-item\">\n\t\t\t\t\t\t\t\t\t\t\t<a href=\"tel:+4915565064715\" rel=\"nofollow\">\n\n\t\t\t\t\t\t\t\t\t\t\t\t<span class=\"elementor-icon-list-icon\">\n\t\t\t\t\t\t\t<i aria-hidden=\"true\" class=\"fas fa-phone\"><\/i>\t\t\t\t\t\t<\/span>\n\t\t\t\t\t\t\t\t\t\t<span class=\"elementor-icon-list-text\">+49 (0) 155 \/ 650 647 15<\/span>\n\t\t\t\t\t\t\t\t\t\t\t<\/a>\n\t\t\t\t\t\t\t\t\t<\/li>\n\t\t\t\t\t\t\t\t<li class=\"elementor-icon-list-item\">\n\t\t\t\t\t\t\t\t\t\t\t<a href=\"mailto:kontakt@quarzkiesboden.de\" rel=\"nofollow\">\n\n\t\t\t\t\t\t\t\t\t\t\t\t<span class=\"elementor-icon-list-icon\">\n\t\t\t\t\t\t\t<i aria-hidden=\"true\" class=\"far fa-envelope\"><\/i>\t\t\t\t\t\t<\/span>\n\t\t\t\t\t\t\t\t\t\t<span class=\"elementor-icon-list-text\">kontakt@quarzkiesboden.de<\/span>\n\t\t\t\t\t\t\t\t\t\t\t<\/a>\n\t\t\t\t\t\t\t\t\t<\/li>\n\t\t\t\t\t\t<\/ul>\n\t\t\t\t<\/div>\n\t\t\t\t<\/div>\n\t\t\t\t<div class=\"elementor-element elementor-element-d3a4c97 elementor-widget elementor-widget-button\" data-id=\"d3a4c97\" data-element_type=\"widget\" data-widget_type=\"button.default\">\n\t\t\t\t<div class=\"elementor-widget-container\">\n\t\t\t\t\t<div class=\"elementor-button-wrapper\">\n\t\t\t<a class=\"elementor-button elementor-button-link elementor-size-sm\" href=\"https:\/\/qubo-berlin.de\" target=\"_blank\">\n\t\t\t\t\t\t<span class=\"elementor-button-content-wrapper\">\n\t\t\t\t\t\t<span class=\"elementor-button-icon\">\n\t\t\t\t<svg xmlns=\"http:\/\/www.w3.org\/2000\/svg\" width=\"18\" height=\"14\" viewBox=\"0 0 18 14\" fill=\"none\"><path d=\"M10.6667 1.16663L16.5 6.99996M16.5 6.99996L10.6667 12.8333M16.5 6.99996L1.5 6.99996\" stroke=\"white\" stroke-width=\"1.5\" stroke-linecap=\"round\" stroke-linejoin=\"round\"><\/path><\/svg>\t\t\t<\/span>\n\t\t\t\t\t\t\t\t\t<span class=\"elementor-button-text\">To the website<\/span>\n\t\t\t\t\t<\/span>\n\t\t\t\t\t<\/a>\n\t\t<\/div>\n\t\t\t\t<\/div>\n\t\t\t\t<\/div>\n\t\t\t\t<\/div>\n\t\t\t\t<div class=\"elementor-element elementor-element-3cc0c1e elementor-widget elementor-widget-image\" data-id=\"3cc0c1e\" data-element_type=\"widget\" data-widget_type=\"image.default\">\n\t\t\t\t<div class=\"elementor-widget-container\">\n\t\t\t\t\t\t\t\t\t\t\t\t\t<img fetchpriority=\"high\" decoding=\"async\" width=\"1023\" height=\"640\" src=\"https:\/\/www.quarzkiesboden.de\/wp-content\/uploads\/2022\/01\/WhatsApp-Image-2021-11-19-at-14.09.30-1-edited-1.jpeg\" class=\"attachment-full size-full wp-image-58814\" alt=\"Stone carpet Hannover\" srcset=\"https:\/\/www.quarzkiesboden.de\/wp-content\/uploads\/2022\/01\/WhatsApp-Image-2021-11-19-at-14.09.30-1-edited-1.jpeg 1023w, https:\/\/www.quarzkiesboden.de\/wp-content\/uploads\/2022\/01\/WhatsApp-Image-2021-11-19-at-14.09.30-1-edited-1-300x188.jpeg 300w, https:\/\/www.quarzkiesboden.de\/wp-content\/uploads\/2022\/01\/WhatsApp-Image-2021-11-19-at-14.09.30-1-edited-1-768x480.jpeg 768w, https:\/\/www.quarzkiesboden.de\/wp-content\/uploads\/2022\/01\/WhatsApp-Image-2021-11-19-at-14.09.30-1-edited-1-600x375.jpeg 600w\" sizes=\"(max-width: 1023px) 100vw, 1023px\" \/>\t\t\t\t\t\t\t\t\t\t\t\t\t<\/div>\n\t\t\t\t<\/div>\n\t\t\t\t<\/div>\n\t\t\t\t\t<\/div>\n\t\t\t\t<\/div>\n\t\t<div data-particle_enable=\"false\" data-particle-mobile-disabled=\"false\" class=\"elementor-element elementor-element-a96a52e e-flex e-con-boxed e-con e-parent\" data-id=\"a96a52e\" data-element_type=\"container\" data-settings=\"{&quot;jet_parallax_layout_list&quot;:[{&quot;jet_parallax_layout_image&quot;:{&quot;url&quot;:&quot;&quot;,&quot;id&quot;:&quot;&quot;,&quot;size&quot;:&quot;&quot;},&quot;_id&quot;:&quot;ba95382&quot;,&quot;jet_parallax_layout_image_laptop&quot;:{&quot;url&quot;:&quot;&quot;,&quot;id&quot;:&quot;&quot;,&quot;size&quot;:&quot;&quot;},&quot;jet_parallax_layout_image_tablet&quot;:{&quot;url&quot;:&quot;&quot;,&quot;id&quot;:&quot;&quot;,&quot;size&quot;:&quot;&quot;},&quot;jet_parallax_layout_image_mobile&quot;:{&quot;url&quot;:&quot;&quot;,&quot;id&quot;:&quot;&quot;,&quot;size&quot;:&quot;&quot;},&quot;jet_parallax_layout_speed&quot;:{&quot;unit&quot;:&quot;%&quot;,&quot;size&quot;:50,&quot;sizes&quot;:[]},&quot;jet_parallax_layout_type&quot;:&quot;scroll&quot;,&quot;jet_parallax_layout_direction&quot;:&quot;1&quot;,&quot;jet_parallax_layout_fx_direction&quot;:null,&quot;jet_parallax_layout_z_index&quot;:&quot;&quot;,&quot;jet_parallax_layout_bg_x&quot;:50,&quot;jet_parallax_layout_bg_x_laptop&quot;:&quot;&quot;,&quot;jet_parallax_layout_bg_x_tablet&quot;:&quot;&quot;,&quot;jet_parallax_layout_bg_x_mobile&quot;:&quot;&quot;,&quot;jet_parallax_layout_bg_y&quot;:50,&quot;jet_parallax_layout_bg_y_laptop&quot;:&quot;&quot;,&quot;jet_parallax_layout_bg_y_tablet&quot;:&quot;&quot;,&quot;jet_parallax_layout_bg_y_mobile&quot;:&quot;&quot;,&quot;jet_parallax_layout_bg_size&quot;:&quot;auto&quot;,&quot;jet_parallax_layout_bg_size_laptop&quot;:&quot;&quot;,&quot;jet_parallax_layout_bg_size_tablet&quot;:&quot;&quot;,&quot;jet_parallax_layout_bg_size_mobile&quot;:&quot;&quot;,&quot;jet_parallax_layout_animation_prop&quot;:&quot;transform&quot;,&quot;jet_parallax_layout_on&quot;:[&quot;desktop&quot;,&quot;tablet&quot;]}]}\">\n\t\t\t\t\t<div class=\"e-con-inner\">\n\t\t<div data-particle_enable=\"false\" data-particle-mobile-disabled=\"false\" class=\"elementor-element elementor-element-5adcce1 e-con-full e-flex e-con e-child\" data-id=\"5adcce1\" data-element_type=\"container\" data-settings=\"{&quot;jet_parallax_layout_list&quot;:[]}\">\n\t\t\t\t<div class=\"elementor-element elementor-element-696c848 elementor-widget elementor-widget-shortcode\" data-id=\"696c848\" data-element_type=\"widget\" data-widget_type=\"shortcode.default\">\n\t\t\t\t<div class=\"elementor-widget-container\">\n\t\t\t\t\t<div class=\"elementor-shortcode\"><div class=\"shm-map-block\"><div class=\"shm-title-6 shm-map-title\">Leverkusen<\/div><div class=\"shm-map-container shm_container\" id=\"ShmMap1205377c8a690\" shm_map_id=\"12053\" style=\"height:400px;\"><\/div>\r\n\t<script type='text\/javascript'>\r\n\t\tjQuery(document).ready( function($)\r\n\t\t{\r\n\t\t\tvar points \t\t= []; \r\n\t\t\t\r\n\t\t\tvar mData = {\r\n\t\t\t\tmapType\t\t\t: 'OpenStreetMap',\r\n\t\t\t\tuniq \t\t\t: 'ShmMap1205377c8a690',\r\n\t\t\t\tmuniq\t\t\t: '1205377c8a690',\r\n\t\t\t\tlatitude\t\t: 51.077645,\r\n\t\t\t\tlongitude\t\t: 7.214584,\r\n\t\t\t\tzoom\t\t\t: 10,\r\n\t\t\t\tmap_id\t\t\t: 12053,\r\n\t\t\t\tisClausterer\t: 0,\r\n\t\t\t\tisLayerSwitcher\t: 0,\r\n\t\t\t\tisFullscreen\t: 0,\r\n\t\t\t\tisScrollZoom    : 0,\r\n\t\t\t\tisDrag          : 0,\r\n\t\t\t\tisSearch\t\t: 0,\r\n\t\t\t\tisZoomer\t\t: 0,\r\n\t\t\t\tisAdmin\t\t\t: 0,\r\n\t\t\t\tisMap\t\t\t: true,\r\n\t\t\t\tdefault_icon\t: '',\r\n\t\t\t\tcountry         : '',\r\n\t\t\t\toverlay         : '',\r\n\t\t\t\tborder          : '',\r\n\t\t\t\toverlayOpacity  : '',\r\n\t\t\t\tkmlUrl          : ''\r\n\t\t\t};\r\n\r\n\t\t\tif ( map_type == 1 ) {\r\n\r\n\t\t\t\tymaps.ready( function(){\r\n\r\n\t\t\t\t\tinit_map( mData, points );\r\n\r\n\t\t\t\t\tymaps.borders.load( '001' , {\r\n\t\t\t\t\t\tlang: shmYa.langIso,\r\n\t\t\t\t\t\tquality: 1\r\n\t\t\t\t\t}).then(function (result) {\r\n\r\n\t\t\t\t\t\tlet selectOption   = '<option>...<\/option>';\r\n\t\t\t\t\t\tlet optionValue    = '';\r\n\t\t\t\t\t\tlet optionLabel    = '';\r\n\t\t\t\t\t\tlet optionSelected = '';\r\n\t\t\t\t\t\tlet optionCurrent  = mData.country;\r\n\t\t\t\t\t\tlet allCountries   = [];\r\n\t\t\t\t\t\tlet allOptions     = [];\r\n\r\n\t\t\t\t\t\tfor (var i = 0; i < result.features.length; i++) {\r\n\t\t\t\t\t\t\toptionValue = result.features[i].properties.iso3166;\r\n\t\t\t\t\t\t\toptionLabel = result.features[i].properties.name;\r\n\t\t\t\t\t\t\tallOptions[ optionLabel ] = optionValue;\r\n\t\t\t\t\t\t\tallCountries.push( optionLabel );\r\n\t\t\t\t\t\t}\r\n\r\n\t\t\t\t\t\t\/\/ Sort countries alphabetically\r\n\t\t\t\t\t\tallCountries.sort();\r\n\r\n\t\t\t\t\t\t\/\/ Create html options\r\n\t\t\t\t\t\tallCountries.forEach( function( value, index ){\r\n\t\t\t\t\t\t\toptionValue = allOptions[ value ];\r\n\t\t\t\t\t\t\toptionSelected = '';\r\n\t\t\t\t\t\t\tif ( optionCurrent == optionValue ) {\r\n\t\t\t\t\t\t\t\toptionSelected = 'selected';\r\n\t\t\t\t\t\t\t}\r\n\t\t\t\t\t\t\tselectOption += '<option value=\"' + optionValue + '\" ' + optionSelected + '>' + value + '<\/option>';\r\n\t\t\t\t\t\t});\r\n\r\n\t\t\t\t\t\t\/\/ Add options to admin select\r\n\t\t\t\t\t\tif ( $( '[name=highlight_country]' ).length ) {\r\n\t\t\t\t\t\t\t$( '[name=highlight_country]' ).html( selectOption );\r\n\t\t\t\t\t\t}\r\n\r\n\t\t\t\t\t});\r\n\r\n\t\t\t\t} );\r\n\r\n\t\t\t} else if (map_type == 2) {\r\n\t\t\t\tinit_map( mData, points );\r\n\t\t\t}\r\n\t\t\t\r\n\t\t\t\/\/ Disable submit post form on this page.\r\n\t\t\t$('form#post').on('keyup keypress', function(e) {\r\n\t\t\t\tvar keyCode = e.keyCode || e.which;\r\n\t\t\t\tif (keyCode === 13) { \r\n\t\t\t\te.preventDefault();\r\n\t\t\t\t\treturn false;\r\n\t\t\t\t}\r\n\t\t\t});\r\n\t\t});\r\n\r\n\t\tjQuery(\"<style type='text\/css'>.shm_container .leaflet-popup .leaflet-popup-content-wrapper .leaflet-popup-content .shml-body {max-height: 600px !important;} <\/style>\").appendTo('head');\r\n\r\n\t<\/script><\/div><\/div>\n\t\t\t\t<\/div>\n\t\t\t\t<\/div>\n\t\t\t\t<\/div>\n\t\t\t\t\t<\/div>\n\t\t\t\t<\/div>\n\t\t\t\t<\/div>\n\t\t","protected":false},"excerpt":{"rendered":"<p>Qubo\u00ae PointPartner for stone carpet, microcement and epoxy resin in Berlin Qubo\u00ae Point Berlin is your point of contact for seamless coating systems. Discover new and creative design ideas for your home!Our partner in Berlin will be happy to assist you and advise you in detail on the many possible applications of Qubo\u00ae coating systems. [&hellip;]<\/p>\n","protected":false},"author":226,"featured_media":0,"parent":0,"menu_order":0,"comment_status":"closed","ping_status":"closed","template":"","meta":{"footnotes":""},"class_list":["post-58816","page","type-page","status-publish","hentry"],"_links":{"self":[{"href":"https:\/\/www.quarzkiesboden.de\/en\/wp-json\/wp\/v2\/pages\/58816"}],"collection":[{"href":"https:\/\/www.quarzkiesboden.de\/en\/wp-json\/wp\/v2\/pages"}],"about":[{"href":"https:\/\/www.quarzkiesboden.de\/en\/wp-json\/wp\/v2\/types\/page"}],"author":[{"embeddable":true,"href":"https:\/\/www.quarzkiesboden.de\/en\/wp-json\/wp\/v2\/users\/226"}],"replies":[{"embeddable":true,"href":"https:\/\/www.quarzkiesboden.de\/en\/wp-json\/wp\/v2\/comments?post=58816"}],"version-history":[{"count":3,"href":"https:\/\/www.quarzkiesboden.de\/en\/wp-json\/wp\/v2\/pages\/58816\/revisions"}],"predecessor-version":[{"id":64862,"href":"https:\/\/www.quarzkiesboden.de\/en\/wp-json\/wp\/v2\/pages\/58816\/revisions\/64862"}],"wp:attachment":[{"href":"https:\/\/www.quarzkiesboden.de\/en\/wp-json\/wp\/v2\/media?parent=58816"}],"curies":[{"name":"wp","href":"https:\/\/api.w.org\/{rel}","templated":true}]}}