{"id":58971,"date":"2022-05-16T16:36:58","date_gmt":"2022-05-16T14:36:58","guid":{"rendered":"https:\/\/www.quarzkiesboden.de\/qubo-base-paderborn\/"},"modified":"2025-10-28T15:28:27","modified_gmt":"2025-10-28T14:28:27","slug":"qubo-point-paderborn","status":"publish","type":"page","link":"https:\/\/www.quarzkiesboden.de\/en\/qubo-point-paderborn\/","title":{"rendered":"Qubo\u00ae point Paderborn"},"content":{"rendered":"\t\t<div data-elementor-type=\"wp-page\" data-elementor-id=\"58971\" class=\"elementor elementor-58971 elementor-11967\" data-elementor-post-type=\"page\">\n\t\t\t\t<div data-particle_enable=\"false\" data-particle-mobile-disabled=\"false\" class=\"elementor-element elementor-element-fe335bc e-flex e-con-boxed e-con e-parent\" data-id=\"fe335bc\" data-element_type=\"container\" data-settings=\"{&quot;background_background&quot;:&quot;classic&quot;,&quot;jet_parallax_layout_list&quot;:[]}\">\n\t\t\t\t\t<div class=\"e-con-inner\">\n\t\t\t\t<div class=\"elementor-element elementor-element-f50b482 elementor-widget elementor-widget-heading\" data-id=\"f50b482\" data-element_type=\"widget\" data-widget_type=\"heading.default\">\n\t\t\t\t<div class=\"elementor-widget-container\">\n\t\t\t<h1 class=\"elementor-heading-title elementor-size-default\">Qubo\u00ae Point<br>Partner for stone carpet, microcement and epoxy resin in Paderborn<\/h1>\t\t<\/div>\n\t\t\t\t<\/div>\n\t\t\t\t\t<\/div>\n\t\t\t\t<\/div>\n\t\t<div data-particle_enable=\"false\" data-particle-mobile-disabled=\"false\" class=\"elementor-element elementor-element-7c0ce5a e-flex e-con-boxed e-con e-parent\" data-id=\"7c0ce5a\" data-element_type=\"container\" data-settings=\"{&quot;jet_parallax_layout_list&quot;:[{&quot;jet_parallax_layout_image&quot;:{&quot;url&quot;:&quot;&quot;,&quot;id&quot;:&quot;&quot;,&quot;size&quot;:&quot;&quot;},&quot;_id&quot;:&quot;d62ac89&quot;,&quot;jet_parallax_layout_image_laptop&quot;:{&quot;url&quot;:&quot;&quot;,&quot;id&quot;:&quot;&quot;,&quot;size&quot;:&quot;&quot;},&quot;jet_parallax_layout_image_tablet&quot;:{&quot;url&quot;:&quot;&quot;,&quot;id&quot;:&quot;&quot;,&quot;size&quot;:&quot;&quot;},&quot;jet_parallax_layout_image_mobile&quot;:{&quot;url&quot;:&quot;&quot;,&quot;id&quot;:&quot;&quot;,&quot;size&quot;:&quot;&quot;},&quot;jet_parallax_layout_speed&quot;:{&quot;unit&quot;:&quot;%&quot;,&quot;size&quot;:50,&quot;sizes&quot;:[]},&quot;jet_parallax_layout_type&quot;:&quot;scroll&quot;,&quot;jet_parallax_layout_direction&quot;:&quot;1&quot;,&quot;jet_parallax_layout_fx_direction&quot;:null,&quot;jet_parallax_layout_z_index&quot;:&quot;&quot;,&quot;jet_parallax_layout_bg_x&quot;:50,&quot;jet_parallax_layout_bg_x_laptop&quot;:&quot;&quot;,&quot;jet_parallax_layout_bg_x_tablet&quot;:&quot;&quot;,&quot;jet_parallax_layout_bg_x_mobile&quot;:&quot;&quot;,&quot;jet_parallax_layout_bg_y&quot;:50,&quot;jet_parallax_layout_bg_y_laptop&quot;:&quot;&quot;,&quot;jet_parallax_layout_bg_y_tablet&quot;:&quot;&quot;,&quot;jet_parallax_layout_bg_y_mobile&quot;:&quot;&quot;,&quot;jet_parallax_layout_bg_size&quot;:&quot;auto&quot;,&quot;jet_parallax_layout_bg_size_laptop&quot;:&quot;&quot;,&quot;jet_parallax_layout_bg_size_tablet&quot;:&quot;&quot;,&quot;jet_parallax_layout_bg_size_mobile&quot;:&quot;&quot;,&quot;jet_parallax_layout_animation_prop&quot;:&quot;transform&quot;,&quot;jet_parallax_layout_on&quot;:[&quot;desktop&quot;,&quot;tablet&quot;]}]}\">\n\t\t\t\t\t<div class=\"e-con-inner\">\n\t\t<div data-particle_enable=\"false\" data-particle-mobile-disabled=\"false\" class=\"elementor-element elementor-element-69dd471 e-con-full e-flex e-con e-child\" data-id=\"69dd471\" data-element_type=\"container\" data-settings=\"{&quot;jet_parallax_layout_list&quot;:[]}\">\n\t\t\t\t<div class=\"elementor-element elementor-element-cc246fb elementor-widget elementor-widget-heading\" data-id=\"cc246fb\" data-element_type=\"widget\" data-widget_type=\"heading.default\">\n\t\t\t\t<div class=\"elementor-widget-container\">\n\t\t\t<h2 class=\"elementor-heading-title elementor-size-default\"><span>The Qubo\u00ae Point Paderborn<\/span> is your contact for seamless coating systems<\/h2>\t\t<\/div>\n\t\t\t\t<\/div>\n\t\t\t\t<div class=\"elementor-element elementor-element-2856ac7 elementor-widget elementor-widget-text-editor\" data-id=\"2856ac7\" data-element_type=\"widget\" data-widget_type=\"text-editor.default\">\n\t\t\t\t<div class=\"elementor-widget-container\">\n\t\t\t\t\t\t\t<p><strong>Find out about the advantages of stone carpeting and microcement.<\/strong> <br>The Qubo\u00ae partner will advise you on the application possibilities for indoor and outdoor areas. Together you will develop solutions for seamless coatings in both the private and commercial sectors. <\/p><p>Make an <a href=\"https:\/\/qubo-paderborn.de\/#kontakt\" target=\"_blank\" rel=\"noopener\">appointment <\/a>now at to get answers to your unanswered questions about floor, stair and wall design.<\/p>\t\t\t\t\t\t<\/div>\n\t\t\t\t<\/div>\n\t\t\t\t<div class=\"elementor-element elementor-element-99930f0 elementor-widget-divider--view-line elementor-widget elementor-widget-divider\" data-id=\"99930f0\" data-element_type=\"widget\" data-widget_type=\"divider.default\">\n\t\t\t\t<div class=\"elementor-widget-container\">\n\t\t\t\t\t<div class=\"elementor-divider\">\n\t\t\t<span class=\"elementor-divider-separator\">\n\t\t\t\t\t\t<\/span>\n\t\t<\/div>\n\t\t\t\t<\/div>\n\t\t\t\t<\/div>\n\t\t\t\t<div class=\"elementor-element elementor-element-da27685 elementor-widget elementor-widget-heading\" data-id=\"da27685\" data-element_type=\"widget\" data-widget_type=\"heading.default\">\n\t\t\t\t<div class=\"elementor-widget-container\">\n\t\t\t<h3 class=\"elementor-heading-title elementor-size-default\"><span>Catchment area<\/span> The Qubo\u00ae partner designs walls, floors and stairs for you here in Paderborn and the surrounding area<\/h3>\t\t<\/div>\n\t\t\t\t<\/div>\n\t\t\t\t<div class=\"elementor-element elementor-element-5942ad5 elementor-widget elementor-widget-text-editor\" data-id=\"5942ad5\" data-element_type=\"widget\" data-widget_type=\"text-editor.default\">\n\t\t\t\t<div class=\"elementor-widget-container\">\n\t\t\t\t\t\t\t<p>Paderborn is located in East Westphalia. The city in North Rhine-Westphalia has 150,000 inhabitants. Most of the inhabitants live in the city center, which is divided into several districts: Altstadt\/Mitte, Riemekeviertel, Fischteiche, Stadtheide, Lichtenfelde\/Kaukenberg, M\u00f6nkeloh, Barkhausen and S\u00fcdstadt.  <\/p><p>The following neighboring communities border Paderborn: H\u00f6velhof, Bad Lippspringe, Altenbeken, Lichtenau, Borchen, Salzkotten, Delbr\u00fcck.<\/p><p>Major cities in the area surrounding Paderborn are Bielefeld, G\u00fctersloh, M\u00fcnster, G\u00f6ttingen, Kassel and Hamm.<\/p>\t\t\t\t\t\t<\/div>\n\t\t\t\t<\/div>\n\t\t\t\t<div class=\"elementor-element elementor-element-d2cc64b elementor-hidden-mobile elementor-icon-list--layout-inline elementor-list-item-link-full_width elementor-widget elementor-widget-icon-list\" data-id=\"d2cc64b\" data-element_type=\"widget\" data-widget_type=\"icon-list.default\">\n\t\t\t\t<div class=\"elementor-widget-container\">\n\t\t\t\t\t<ul class=\"elementor-icon-list-items elementor-inline-items\">\n\t\t\t\t\t\t\t<li class=\"elementor-icon-list-item elementor-inline-item\">\n\t\t\t\t\t\t\t\t\t\t\t<span class=\"elementor-icon-list-icon\">\n\t\t\t\t\t\t\t<i aria-hidden=\"true\" class=\"fas fa-check\"><\/i>\t\t\t\t\t\t<\/span>\n\t\t\t\t\t\t\t\t\t\t<span class=\"elementor-icon-list-text\">Stone carpet<\/span>\n\t\t\t\t\t\t\t\t\t<\/li>\n\t\t\t\t\t\t\t\t<li class=\"elementor-icon-list-item elementor-inline-item\">\n\t\t\t\t\t\t\t\t\t\t\t<span class=\"elementor-icon-list-icon\">\n\t\t\t\t\t\t\t<i aria-hidden=\"true\" class=\"fas fa-check\"><\/i>\t\t\t\t\t\t<\/span>\n\t\t\t\t\t\t\t\t\t\t<span class=\"elementor-icon-list-text\">Qubo\u00ae Tec<\/span>\n\t\t\t\t\t\t\t\t\t<\/li>\n\t\t\t\t\t\t\t\t<li class=\"elementor-icon-list-item elementor-inline-item\">\n\t\t\t\t\t\t\t\t\t\t\t<span class=\"elementor-icon-list-icon\">\n\t\t\t\t\t\t\t<i aria-hidden=\"true\" class=\"fas fa-check\"><\/i>\t\t\t\t\t\t<\/span>\n\t\t\t\t\t\t\t\t\t\t<span class=\"elementor-icon-list-text\">Microcement<\/span>\n\t\t\t\t\t\t\t\t\t<\/li>\n\t\t\t\t\t\t<\/ul>\n\t\t\t\t<\/div>\n\t\t\t\t<\/div>\n\t\t\t\t<\/div>\n\t\t<div data-particle_enable=\"false\" data-particle-mobile-disabled=\"false\" class=\"elementor-element elementor-element-86a2ae0 e-con-full e-flex e-con e-child\" data-id=\"86a2ae0\" data-element_type=\"container\" data-settings=\"{&quot;background_background&quot;:&quot;classic&quot;,&quot;jet_parallax_layout_list&quot;:[]}\">\n\t\t<div data-particle_enable=\"false\" data-particle-mobile-disabled=\"false\" class=\"elementor-element elementor-element-9f24e08 e-con-full e-flex e-con e-child\" data-id=\"9f24e08\" data-element_type=\"container\" data-settings=\"{&quot;jet_parallax_layout_list&quot;:[],&quot;background_background&quot;:&quot;classic&quot;}\">\n\t\t\t\t<div class=\"elementor-element elementor-element-1e4b235 elementor-widget elementor-widget-heading\" data-id=\"1e4b235\" data-element_type=\"widget\" data-widget_type=\"heading.default\">\n\t\t\t\t<div class=\"elementor-widget-container\">\n\t\t\t<h2 class=\"elementor-heading-title elementor-size-default\">Contact details<\/h2>\t\t<\/div>\n\t\t\t\t<\/div>\n\t\t\t\t<div class=\"elementor-element elementor-element-27d8edd elementor-widget elementor-widget-text-editor\" data-id=\"27d8edd\" data-element_type=\"widget\" data-widget_type=\"text-editor.default\">\n\t\t\t\t<div class=\"elementor-widget-container\">\n\t\t\t\t\t\t\t<p><g id=\"gid_0\">Qubo\u00ae Point Paderborn<\/g><br>Achim Zimmermann<\/p>\t\t\t\t\t\t<\/div>\n\t\t\t\t<\/div>\n\t\t\t\t<div class=\"elementor-element elementor-element-6051337 elementor-icon-list--layout-traditional elementor-list-item-link-full_width elementor-widget elementor-widget-icon-list\" data-id=\"6051337\" data-element_type=\"widget\" data-widget_type=\"icon-list.default\">\n\t\t\t\t<div class=\"elementor-widget-container\">\n\t\t\t\t\t<ul class=\"elementor-icon-list-items\">\n\t\t\t\t\t\t\t<li class=\"elementor-icon-list-item\">\n\t\t\t\t\t\t\t\t\t\t\t<a href=\"tel:+4915565064715\" rel=\"nofollow\">\n\n\t\t\t\t\t\t\t\t\t\t\t\t<span class=\"elementor-icon-list-icon\">\n\t\t\t\t\t\t\t<i aria-hidden=\"true\" class=\"fas fa-phone\"><\/i>\t\t\t\t\t\t<\/span>\n\t\t\t\t\t\t\t\t\t\t<span class=\"elementor-icon-list-text\">+49 (0) 155 \/ 650 647 15<\/span>\n\t\t\t\t\t\t\t\t\t\t\t<\/a>\n\t\t\t\t\t\t\t\t\t<\/li>\n\t\t\t\t\t\t\t\t<li class=\"elementor-icon-list-item\">\n\t\t\t\t\t\t\t\t\t\t\t<a href=\"mailto:kontakt@quarzkiesboden.de\" rel=\"nofollow\">\n\n\t\t\t\t\t\t\t\t\t\t\t\t<span class=\"elementor-icon-list-icon\">\n\t\t\t\t\t\t\t<i aria-hidden=\"true\" class=\"far fa-envelope\"><\/i>\t\t\t\t\t\t<\/span>\n\t\t\t\t\t\t\t\t\t\t<span class=\"elementor-icon-list-text\">kontakt@quarzkiesboden.de<\/span>\n\t\t\t\t\t\t\t\t\t\t\t<\/a>\n\t\t\t\t\t\t\t\t\t<\/li>\n\t\t\t\t\t\t<\/ul>\n\t\t\t\t<\/div>\n\t\t\t\t<\/div>\n\t\t\t\t<div class=\"elementor-element elementor-element-5bc9022 elementor-widget elementor-widget-button\" data-id=\"5bc9022\" data-element_type=\"widget\" data-widget_type=\"button.default\">\n\t\t\t\t<div class=\"elementor-widget-container\">\n\t\t\t\t\t<div class=\"elementor-button-wrapper\">\n\t\t\t<a class=\"elementor-button elementor-button-link elementor-size-sm\" href=\"http:\/\/qubo-paderborn.de\" target=\"_blank\">\n\t\t\t\t\t\t<span class=\"elementor-button-content-wrapper\">\n\t\t\t\t\t\t<span class=\"elementor-button-icon\">\n\t\t\t\t<svg xmlns=\"http:\/\/www.w3.org\/2000\/svg\" width=\"18\" height=\"14\" viewBox=\"0 0 18 14\" fill=\"none\"><path d=\"M10.6667 1.16663L16.5 6.99996M16.5 6.99996L10.6667 12.8333M16.5 6.99996L1.5 6.99996\" stroke=\"white\" stroke-width=\"1.5\" stroke-linecap=\"round\" stroke-linejoin=\"round\"><\/path><\/svg>\t\t\t<\/span>\n\t\t\t\t\t\t\t\t\t<span class=\"elementor-button-text\">To the website<\/span>\n\t\t\t\t\t<\/span>\n\t\t\t\t\t<\/a>\n\t\t<\/div>\n\t\t\t\t<\/div>\n\t\t\t\t<\/div>\n\t\t\t\t<\/div>\n\t\t\t\t<div class=\"elementor-element elementor-element-0decbbe elementor-widget elementor-widget-image\" data-id=\"0decbbe\" data-element_type=\"widget\" data-widget_type=\"image.default\">\n\t\t\t\t<div class=\"elementor-widget-container\">\n\t\t\t\t\t\t\t\t\t\t\t\t\t<img fetchpriority=\"high\" decoding=\"async\" width=\"1024\" height=\"768\" src=\"https:\/\/www.quarzkiesboden.de\/wp-content\/uploads\/2021\/12\/WhatsApp-Image-2021-11-19-at-14.09.30-1.jpeg\" class=\"attachment-full size-full wp-image-58549\" alt=\"Qubo\u00ae stone carpet installer\" srcset=\"https:\/\/www.quarzkiesboden.de\/wp-content\/uploads\/2021\/12\/WhatsApp-Image-2021-11-19-at-14.09.30-1.jpeg 1024w, https:\/\/www.quarzkiesboden.de\/wp-content\/uploads\/2021\/12\/WhatsApp-Image-2021-11-19-at-14.09.30-1-300x225.jpeg 300w, https:\/\/www.quarzkiesboden.de\/wp-content\/uploads\/2021\/12\/WhatsApp-Image-2021-11-19-at-14.09.30-1-768x576.jpeg 768w, https:\/\/www.quarzkiesboden.de\/wp-content\/uploads\/2021\/12\/WhatsApp-Image-2021-11-19-at-14.09.30-1-600x450.jpeg 600w\" sizes=\"(max-width: 1024px) 100vw, 1024px\" \/>\t\t\t\t\t\t\t\t\t\t\t\t\t<\/div>\n\t\t\t\t<\/div>\n\t\t\t\t<\/div>\n\t\t\t\t\t<\/div>\n\t\t\t\t<\/div>\n\t\t<div data-particle_enable=\"false\" data-particle-mobile-disabled=\"false\" class=\"elementor-element elementor-element-9571393 e-flex e-con-boxed e-con e-parent\" data-id=\"9571393\" data-element_type=\"container\" data-settings=\"{&quot;jet_parallax_layout_list&quot;:[{&quot;jet_parallax_layout_image&quot;:{&quot;url&quot;:&quot;&quot;,&quot;id&quot;:&quot;&quot;,&quot;size&quot;:&quot;&quot;},&quot;_id&quot;:&quot;ba95382&quot;,&quot;jet_parallax_layout_image_laptop&quot;:{&quot;url&quot;:&quot;&quot;,&quot;id&quot;:&quot;&quot;,&quot;size&quot;:&quot;&quot;},&quot;jet_parallax_layout_image_tablet&quot;:{&quot;url&quot;:&quot;&quot;,&quot;id&quot;:&quot;&quot;,&quot;size&quot;:&quot;&quot;},&quot;jet_parallax_layout_image_mobile&quot;:{&quot;url&quot;:&quot;&quot;,&quot;id&quot;:&quot;&quot;,&quot;size&quot;:&quot;&quot;},&quot;jet_parallax_layout_speed&quot;:{&quot;unit&quot;:&quot;%&quot;,&quot;size&quot;:50,&quot;sizes&quot;:[]},&quot;jet_parallax_layout_type&quot;:&quot;scroll&quot;,&quot;jet_parallax_layout_direction&quot;:&quot;1&quot;,&quot;jet_parallax_layout_fx_direction&quot;:null,&quot;jet_parallax_layout_z_index&quot;:&quot;&quot;,&quot;jet_parallax_layout_bg_x&quot;:50,&quot;jet_parallax_layout_bg_x_laptop&quot;:&quot;&quot;,&quot;jet_parallax_layout_bg_x_tablet&quot;:&quot;&quot;,&quot;jet_parallax_layout_bg_x_mobile&quot;:&quot;&quot;,&quot;jet_parallax_layout_bg_y&quot;:50,&quot;jet_parallax_layout_bg_y_laptop&quot;:&quot;&quot;,&quot;jet_parallax_layout_bg_y_tablet&quot;:&quot;&quot;,&quot;jet_parallax_layout_bg_y_mobile&quot;:&quot;&quot;,&quot;jet_parallax_layout_bg_size&quot;:&quot;auto&quot;,&quot;jet_parallax_layout_bg_size_laptop&quot;:&quot;&quot;,&quot;jet_parallax_layout_bg_size_tablet&quot;:&quot;&quot;,&quot;jet_parallax_layout_bg_size_mobile&quot;:&quot;&quot;,&quot;jet_parallax_layout_animation_prop&quot;:&quot;transform&quot;,&quot;jet_parallax_layout_on&quot;:[&quot;desktop&quot;,&quot;tablet&quot;]}]}\">\n\t\t\t\t\t<div class=\"e-con-inner\">\n\t\t<div data-particle_enable=\"false\" data-particle-mobile-disabled=\"false\" class=\"elementor-element elementor-element-dfa6020 e-con-full e-flex e-con e-child\" data-id=\"dfa6020\" data-element_type=\"container\" data-settings=\"{&quot;jet_parallax_layout_list&quot;:[]}\">\n\t\t\t\t<div class=\"elementor-element elementor-element-e1bf30d elementor-widget elementor-widget-shortcode\" data-id=\"e1bf30d\" data-element_type=\"widget\" data-widget_type=\"shortcode.default\">\n\t\t\t\t<div class=\"elementor-widget-container\">\n\t\t\t\t\t<div class=\"elementor-shortcode\"><div class=\"shm-map-block\"><div class=\"shm-title-6 shm-map-title\">Paderborn<\/div><div class=\"shm-map-container shm_container\" id=\"ShmMap12133673d4cee\" shm_map_id=\"12133\" style=\"height:400px;\"><\/div>\r\n\t<script type='text\/javascript'>\r\n\t\tjQuery(document).ready( function($)\r\n\t\t{\r\n\t\t\tvar points \t\t= []; \r\n\t\t\t\r\n\t\t\tvar mData = {\r\n\t\t\t\tmapType\t\t\t: 'OpenStreetMap',\r\n\t\t\t\tuniq \t\t\t: 'ShmMap12133673d4cee',\r\n\t\t\t\tmuniq\t\t\t: '12133673d4cee',\r\n\t\t\t\tlatitude\t\t: 51.771239,\r\n\t\t\t\tlongitude\t\t: 8.885193,\r\n\t\t\t\tzoom\t\t\t: 8,\r\n\t\t\t\tmap_id\t\t\t: 12133,\r\n\t\t\t\tisClausterer\t: 0,\r\n\t\t\t\tisLayerSwitcher\t: 0,\r\n\t\t\t\tisFullscreen\t: 0,\r\n\t\t\t\tisScrollZoom    : 0,\r\n\t\t\t\tisDrag          : 0,\r\n\t\t\t\tisSearch\t\t: 0,\r\n\t\t\t\tisZoomer\t\t: 0,\r\n\t\t\t\tisAdmin\t\t\t: 0,\r\n\t\t\t\tisMap\t\t\t: true,\r\n\t\t\t\tdefault_icon\t: '',\r\n\t\t\t\tcountry         : '',\r\n\t\t\t\toverlay         : '',\r\n\t\t\t\tborder          : '',\r\n\t\t\t\toverlayOpacity  : '',\r\n\t\t\t\tkmlUrl          : ''\r\n\t\t\t};\r\n\r\n\t\t\tif ( map_type == 1 ) {\r\n\r\n\t\t\t\tymaps.ready( function(){\r\n\r\n\t\t\t\t\tinit_map( mData, points );\r\n\r\n\t\t\t\t\tymaps.borders.load( '001' , {\r\n\t\t\t\t\t\tlang: shmYa.langIso,\r\n\t\t\t\t\t\tquality: 1\r\n\t\t\t\t\t}).then(function (result) {\r\n\r\n\t\t\t\t\t\tlet selectOption   = '<option>...<\/option>';\r\n\t\t\t\t\t\tlet optionValue    = '';\r\n\t\t\t\t\t\tlet optionLabel    = '';\r\n\t\t\t\t\t\tlet optionSelected = '';\r\n\t\t\t\t\t\tlet optionCurrent  = mData.country;\r\n\t\t\t\t\t\tlet allCountries   = [];\r\n\t\t\t\t\t\tlet allOptions     = [];\r\n\r\n\t\t\t\t\t\tfor (var i = 0; i < result.features.length; i++) {\r\n\t\t\t\t\t\t\toptionValue = result.features[i].properties.iso3166;\r\n\t\t\t\t\t\t\toptionLabel = result.features[i].properties.name;\r\n\t\t\t\t\t\t\tallOptions[ optionLabel ] = optionValue;\r\n\t\t\t\t\t\t\tallCountries.push( optionLabel );\r\n\t\t\t\t\t\t}\r\n\r\n\t\t\t\t\t\t\/\/ Sort countries alphabetically\r\n\t\t\t\t\t\tallCountries.sort();\r\n\r\n\t\t\t\t\t\t\/\/ Create html options\r\n\t\t\t\t\t\tallCountries.forEach( function( value, index ){\r\n\t\t\t\t\t\t\toptionValue = allOptions[ value ];\r\n\t\t\t\t\t\t\toptionSelected = '';\r\n\t\t\t\t\t\t\tif ( optionCurrent == optionValue ) {\r\n\t\t\t\t\t\t\t\toptionSelected = 'selected';\r\n\t\t\t\t\t\t\t}\r\n\t\t\t\t\t\t\tselectOption += '<option value=\"' + optionValue + '\" ' + optionSelected + '>' + value + '<\/option>';\r\n\t\t\t\t\t\t});\r\n\r\n\t\t\t\t\t\t\/\/ Add options to admin select\r\n\t\t\t\t\t\tif ( $( '[name=highlight_country]' ).length ) {\r\n\t\t\t\t\t\t\t$( '[name=highlight_country]' ).html( selectOption );\r\n\t\t\t\t\t\t}\r\n\r\n\t\t\t\t\t});\r\n\r\n\t\t\t\t} );\r\n\r\n\t\t\t} else if (map_type == 2) {\r\n\t\t\t\tinit_map( mData, points );\r\n\t\t\t}\r\n\t\t\t\r\n\t\t\t\/\/ Disable submit post form on this page.\r\n\t\t\t$('form#post').on('keyup keypress', function(e) {\r\n\t\t\t\tvar keyCode = e.keyCode || e.which;\r\n\t\t\t\tif (keyCode === 13) { \r\n\t\t\t\te.preventDefault();\r\n\t\t\t\t\treturn false;\r\n\t\t\t\t}\r\n\t\t\t});\r\n\t\t});\r\n\r\n\t\tjQuery(\"<style type='text\/css'>.shm_container .leaflet-popup .leaflet-popup-content-wrapper .leaflet-popup-content .shml-body {max-height: 600px !important;} <\/style>\").appendTo('head');\r\n\r\n\t<\/script><\/div><\/div>\n\t\t\t\t<\/div>\n\t\t\t\t<\/div>\n\t\t\t\t<\/div>\n\t\t\t\t\t<\/div>\n\t\t\t\t<\/div>\n\t\t\t\t<\/div>\n\t\t","protected":false},"excerpt":{"rendered":"<p>Qubo\u00ae PointPartner for stone carpet, microcement and epoxy resin in Paderborn The Qubo\u00ae Point Paderborn is your contact for seamless coating systems Find out about the advantages of stone carpeting and microcement. The Qubo\u00ae partner will advise you on the application possibilities for indoor and outdoor areas. Together you will develop solutions for seamless coatings [&hellip;]<\/p>\n","protected":false},"author":43,"featured_media":0,"parent":0,"menu_order":0,"comment_status":"closed","ping_status":"closed","template":"elementor_header_footer","meta":{"footnotes":""},"class_list":["post-58971","page","type-page","status-publish","hentry"],"_links":{"self":[{"href":"https:\/\/www.quarzkiesboden.de\/en\/wp-json\/wp\/v2\/pages\/58971"}],"collection":[{"href":"https:\/\/www.quarzkiesboden.de\/en\/wp-json\/wp\/v2\/pages"}],"about":[{"href":"https:\/\/www.quarzkiesboden.de\/en\/wp-json\/wp\/v2\/types\/page"}],"author":[{"embeddable":true,"href":"https:\/\/www.quarzkiesboden.de\/en\/wp-json\/wp\/v2\/users\/43"}],"replies":[{"embeddable":true,"href":"https:\/\/www.quarzkiesboden.de\/en\/wp-json\/wp\/v2\/comments?post=58971"}],"version-history":[{"count":2,"href":"https:\/\/www.quarzkiesboden.de\/en\/wp-json\/wp\/v2\/pages\/58971\/revisions"}],"predecessor-version":[{"id":62987,"href":"https:\/\/www.quarzkiesboden.de\/en\/wp-json\/wp\/v2\/pages\/58971\/revisions\/62987"}],"wp:attachment":[{"href":"https:\/\/www.quarzkiesboden.de\/en\/wp-json\/wp\/v2\/media?parent=58971"}],"curies":[{"name":"wp","href":"https:\/\/api.w.org\/{rel}","templated":true}]}}