{"id":59175,"date":"2022-04-01T16:02:41","date_gmt":"2022-04-01T14:02:41","guid":{"rendered":"https:\/\/www.quarzkiesboden.de\/qubo-base-leverkusen\/"},"modified":"2025-10-28T15:25:38","modified_gmt":"2025-10-28T14:25:38","slug":"qubo-point-leverkusen","status":"publish","type":"page","link":"https:\/\/www.quarzkiesboden.de\/en\/qubo-point-leverkusen\/","title":{"rendered":"Qubo\u00ae point Leverkusen"},"content":{"rendered":"\t\t<div data-elementor-type=\"wp-page\" data-elementor-id=\"59175\" class=\"elementor elementor-59175 elementor-11155\" data-elementor-post-type=\"page\">\n\t\t\t\t<div data-particle_enable=\"false\" data-particle-mobile-disabled=\"false\" class=\"elementor-element elementor-element-89a1a56 e-flex e-con-boxed e-con e-parent\" data-id=\"89a1a56\" data-element_type=\"container\" data-settings=\"{&quot;background_background&quot;:&quot;classic&quot;,&quot;jet_parallax_layout_list&quot;:[]}\">\n\t\t\t\t\t<div class=\"e-con-inner\">\n\t\t\t\t<div class=\"elementor-element elementor-element-6069187 elementor-widget elementor-widget-heading\" data-id=\"6069187\" data-element_type=\"widget\" data-widget_type=\"heading.default\">\n\t\t\t\t<div class=\"elementor-widget-container\">\n\t\t\t<h1 class=\"elementor-heading-title elementor-size-default\"><strong>Qubo\u00ae Point<\/strong><br>Partner for stone carpet, microcement and epoxy resin in Leverkusen<\/h1>\t\t<\/div>\n\t\t\t\t<\/div>\n\t\t\t\t\t<\/div>\n\t\t\t\t<\/div>\n\t\t<div data-particle_enable=\"false\" data-particle-mobile-disabled=\"false\" class=\"elementor-element elementor-element-c052784 e-flex e-con-boxed e-con e-parent\" data-id=\"c052784\" data-element_type=\"container\" data-settings=\"{&quot;jet_parallax_layout_list&quot;:[{&quot;jet_parallax_layout_image&quot;:{&quot;url&quot;:&quot;&quot;,&quot;id&quot;:&quot;&quot;,&quot;size&quot;:&quot;&quot;},&quot;_id&quot;:&quot;d62ac89&quot;,&quot;jet_parallax_layout_image_laptop&quot;:{&quot;url&quot;:&quot;&quot;,&quot;id&quot;:&quot;&quot;,&quot;size&quot;:&quot;&quot;},&quot;jet_parallax_layout_image_tablet&quot;:{&quot;url&quot;:&quot;&quot;,&quot;id&quot;:&quot;&quot;,&quot;size&quot;:&quot;&quot;},&quot;jet_parallax_layout_image_mobile&quot;:{&quot;url&quot;:&quot;&quot;,&quot;id&quot;:&quot;&quot;,&quot;size&quot;:&quot;&quot;},&quot;jet_parallax_layout_speed&quot;:{&quot;unit&quot;:&quot;%&quot;,&quot;size&quot;:50,&quot;sizes&quot;:[]},&quot;jet_parallax_layout_type&quot;:&quot;scroll&quot;,&quot;jet_parallax_layout_direction&quot;:&quot;1&quot;,&quot;jet_parallax_layout_fx_direction&quot;:null,&quot;jet_parallax_layout_z_index&quot;:&quot;&quot;,&quot;jet_parallax_layout_bg_x&quot;:50,&quot;jet_parallax_layout_bg_x_laptop&quot;:&quot;&quot;,&quot;jet_parallax_layout_bg_x_tablet&quot;:&quot;&quot;,&quot;jet_parallax_layout_bg_x_mobile&quot;:&quot;&quot;,&quot;jet_parallax_layout_bg_y&quot;:50,&quot;jet_parallax_layout_bg_y_laptop&quot;:&quot;&quot;,&quot;jet_parallax_layout_bg_y_tablet&quot;:&quot;&quot;,&quot;jet_parallax_layout_bg_y_mobile&quot;:&quot;&quot;,&quot;jet_parallax_layout_bg_size&quot;:&quot;auto&quot;,&quot;jet_parallax_layout_bg_size_laptop&quot;:&quot;&quot;,&quot;jet_parallax_layout_bg_size_tablet&quot;:&quot;&quot;,&quot;jet_parallax_layout_bg_size_mobile&quot;:&quot;&quot;,&quot;jet_parallax_layout_animation_prop&quot;:&quot;transform&quot;,&quot;jet_parallax_layout_on&quot;:[&quot;desktop&quot;,&quot;tablet&quot;]}]}\">\n\t\t\t\t\t<div class=\"e-con-inner\">\n\t\t<div data-particle_enable=\"false\" data-particle-mobile-disabled=\"false\" class=\"elementor-element elementor-element-72d0645 e-con-full e-flex e-con e-child\" data-id=\"72d0645\" data-element_type=\"container\" data-settings=\"{&quot;jet_parallax_layout_list&quot;:[]}\">\n\t\t\t\t<div class=\"elementor-element elementor-element-1737f1b elementor-widget elementor-widget-heading\" data-id=\"1737f1b\" data-element_type=\"widget\" data-widget_type=\"heading.default\">\n\t\t\t\t<div class=\"elementor-widget-container\">\n\t\t\t<h2 class=\"elementor-heading-title elementor-size-default\"><span>Qubo\u00ae Point Leverkusen<\/span> is your partner for seamless coating systems<\/h2>\t\t<\/div>\n\t\t\t\t<\/div>\n\t\t\t\t<div class=\"elementor-element elementor-element-8b6da96 elementor-widget elementor-widget-text-editor\" data-id=\"8b6da96\" data-element_type=\"widget\" data-widget_type=\"text-editor.default\">\n\t\t\t\t<div class=\"elementor-widget-container\">\n\t\t\t\t\t\t\t<p><b>Are you looking for new design ideas for your home?<\/b><br><span style=\"color: var( --e-global-color-text ); font-family: var( --e-global-typography-text-font-family ), Sans-serif; font-size: var( --e-global-typography-text-font-size ); font-weight: var( --e-global-typography-text-font-weight ); letter-spacing: var( --e-global-typography-text-letter-spacing ); word-spacing: var( --e-global-typography-text-word-spacing ); text-align: var(--text-align);\">The Qubo\u00ae Point Partner in Leverkusen<\/span> will be happy to advise you on the possible applications of Qubo\u00ae coating systems. The range extends from seamless floor and wall design with stone carpeting, microcement, epoxy resin and lime marble plaster in interior and exterior areas to quick ceiling renovation with stretch ceilings.<\/p>\t\t\t\t\t\t<\/div>\n\t\t\t\t<\/div>\n\t\t\t\t<div class=\"elementor-element elementor-element-e5ab2a8 elementor-widget-divider--view-line elementor-widget elementor-widget-divider\" data-id=\"e5ab2a8\" data-element_type=\"widget\" data-widget_type=\"divider.default\">\n\t\t\t\t<div class=\"elementor-widget-container\">\n\t\t\t\t\t<div class=\"elementor-divider\">\n\t\t\t<span class=\"elementor-divider-separator\">\n\t\t\t\t\t\t<\/span>\n\t\t<\/div>\n\t\t\t\t<\/div>\n\t\t\t\t<\/div>\n\t\t\t\t<div class=\"elementor-element elementor-element-679cf97 elementor-widget elementor-widget-heading\" data-id=\"679cf97\" data-element_type=\"widget\" data-widget_type=\"heading.default\">\n\t\t\t\t<div class=\"elementor-widget-container\">\n\t\t\t<h3 class=\"elementor-heading-title elementor-size-default\">Catchment area This is where the Qubo\u00ae base designs walls, floors and stairs for you in the Leverkusen area<\/h3>\t\t<\/div>\n\t\t\t\t<\/div>\n\t\t\t\t<div class=\"elementor-element elementor-element-2dbe818 elementor-widget elementor-widget-text-editor\" data-id=\"2dbe818\" data-element_type=\"widget\" data-widget_type=\"text-editor.default\">\n\t\t\t\t<div class=\"elementor-widget-container\">\n\t\t\t\t\t\t\t<p>The Qubo\u00ae site is located in southern NRW, in the Bergisches Land region. The districts of Leverkusen are Alkenrath, Bergisch Neukirchen, B\u00fcrrig, Hiltdorf, K\u00fcppersteg, L\u00fctzenkirchen, Manfort, Opladen, Quettingen, Rheindorf, Schlebusch, Steinb\u00fcchel and Wiesdorf. As the crow flies, the distance from Leverkusen to Cologne is only 13 kilometers. As the crow flies, it is 23 kilometers to D\u00fcsseldorf.   &nbsp;<\/p>\t\t\t\t\t\t<\/div>\n\t\t\t\t<\/div>\n\t\t\t\t<div class=\"elementor-element elementor-element-a2693e5 elementor-icon-list--layout-inline elementor-align-left elementor-list-item-link-full_width elementor-widget elementor-widget-icon-list\" data-id=\"a2693e5\" data-element_type=\"widget\" data-widget_type=\"icon-list.default\">\n\t\t\t\t<div class=\"elementor-widget-container\">\n\t\t\t\t\t<ul class=\"elementor-icon-list-items elementor-inline-items\">\n\t\t\t\t\t\t\t<li class=\"elementor-icon-list-item elementor-inline-item\">\n\t\t\t\t\t\t\t\t\t\t\t<span class=\"elementor-icon-list-icon\">\n\t\t\t\t\t\t\t<i aria-hidden=\"true\" class=\"fas fa-check\"><\/i>\t\t\t\t\t\t<\/span>\n\t\t\t\t\t\t\t\t\t\t<span class=\"elementor-icon-list-text\">Stone carpet<\/span>\n\t\t\t\t\t\t\t\t\t<\/li>\n\t\t\t\t\t\t\t\t<li class=\"elementor-icon-list-item elementor-inline-item\">\n\t\t\t\t\t\t\t\t\t\t\t<span class=\"elementor-icon-list-icon\">\n\t\t\t\t\t\t\t<i aria-hidden=\"true\" class=\"fas fa-check\"><\/i>\t\t\t\t\t\t<\/span>\n\t\t\t\t\t\t\t\t\t\t<span class=\"elementor-icon-list-text\">Qubo\u00aeTec<\/span>\n\t\t\t\t\t\t\t\t\t<\/li>\n\t\t\t\t\t\t\t\t<li class=\"elementor-icon-list-item elementor-inline-item\">\n\t\t\t\t\t\t\t\t\t\t\t<span class=\"elementor-icon-list-icon\">\n\t\t\t\t\t\t\t<i aria-hidden=\"true\" class=\"fas fa-check\"><\/i>\t\t\t\t\t\t<\/span>\n\t\t\t\t\t\t\t\t\t\t<span class=\"elementor-icon-list-text\">Microcement<\/span>\n\t\t\t\t\t\t\t\t\t<\/li>\n\t\t\t\t\t\t\t\t<li class=\"elementor-icon-list-item elementor-inline-item\">\n\t\t\t\t\t\t\t\t\t\t\t<span class=\"elementor-icon-list-icon\">\n\t\t\t\t\t\t\t<i aria-hidden=\"true\" class=\"fas fa-check\"><\/i>\t\t\t\t\t\t<\/span>\n\t\t\t\t\t\t\t\t\t\t<span class=\"elementor-icon-list-text\">Epoxy resin<\/span>\n\t\t\t\t\t\t\t\t\t<\/li>\n\t\t\t\t\t\t\t\t<li class=\"elementor-icon-list-item elementor-inline-item\">\n\t\t\t\t\t\t\t\t\t\t\t<span class=\"elementor-icon-list-icon\">\n\t\t\t\t\t\t\t<i aria-hidden=\"true\" class=\"fas fa-check\"><\/i>\t\t\t\t\t\t<\/span>\n\t\t\t\t\t\t\t\t\t\t<span class=\"elementor-icon-list-text\">Stretch ceilings<\/span>\n\t\t\t\t\t\t\t\t\t<\/li>\n\t\t\t\t\t\t<\/ul>\n\t\t\t\t<\/div>\n\t\t\t\t<\/div>\n\t\t\t\t<\/div>\n\t\t<div data-particle_enable=\"false\" data-particle-mobile-disabled=\"false\" class=\"elementor-element elementor-element-6e4a960 e-con-full e-flex e-con e-child\" data-id=\"6e4a960\" data-element_type=\"container\" data-settings=\"{&quot;background_background&quot;:&quot;classic&quot;,&quot;jet_parallax_layout_list&quot;:[]}\">\n\t\t<div data-particle_enable=\"false\" data-particle-mobile-disabled=\"false\" class=\"elementor-element elementor-element-dcd80dd e-con-full e-flex e-con e-child\" data-id=\"dcd80dd\" data-element_type=\"container\" data-settings=\"{&quot;jet_parallax_layout_list&quot;:[],&quot;background_background&quot;:&quot;classic&quot;}\">\n\t\t\t\t<div class=\"elementor-element elementor-element-f5284cd elementor-widget elementor-widget-heading\" data-id=\"f5284cd\" data-element_type=\"widget\" data-widget_type=\"heading.default\">\n\t\t\t\t<div class=\"elementor-widget-container\">\n\t\t\t<h2 class=\"elementor-heading-title elementor-size-default\">Contact details<\/h2>\t\t<\/div>\n\t\t\t\t<\/div>\n\t\t\t\t<div class=\"elementor-element elementor-element-bcd48b0 elementor-widget elementor-widget-text-editor\" data-id=\"bcd48b0\" data-element_type=\"widget\" data-widget_type=\"text-editor.default\">\n\t\t\t\t<div class=\"elementor-widget-container\">\n\t\t\t\t\t\t\t<p><strong>Qubo\u00ae Point Leverkusen<\/strong><br>Achim Zimmermann<\/p>\t\t\t\t\t\t<\/div>\n\t\t\t\t<\/div>\n\t\t\t\t<div class=\"elementor-element elementor-element-497fa41 elementor-icon-list--layout-traditional elementor-list-item-link-full_width elementor-widget elementor-widget-icon-list\" data-id=\"497fa41\" data-element_type=\"widget\" data-widget_type=\"icon-list.default\">\n\t\t\t\t<div class=\"elementor-widget-container\">\n\t\t\t\t\t<ul class=\"elementor-icon-list-items\">\n\t\t\t\t\t\t\t<li class=\"elementor-icon-list-item\">\n\t\t\t\t\t\t\t\t\t\t\t<a href=\"tel:+4915565064715\" rel=\"nofollow\">\n\n\t\t\t\t\t\t\t\t\t\t\t\t<span class=\"elementor-icon-list-icon\">\n\t\t\t\t\t\t\t<i aria-hidden=\"true\" class=\"fas fa-phone\"><\/i>\t\t\t\t\t\t<\/span>\n\t\t\t\t\t\t\t\t\t\t<span class=\"elementor-icon-list-text\">+49 (0) 155 \/ 650 647 15<\/span>\n\t\t\t\t\t\t\t\t\t\t\t<\/a>\n\t\t\t\t\t\t\t\t\t<\/li>\n\t\t\t\t\t\t\t\t<li class=\"elementor-icon-list-item\">\n\t\t\t\t\t\t\t\t\t\t\t<a href=\"mailto:kontakt@quarzkiesboden.de\" rel=\"nofollow\">\n\n\t\t\t\t\t\t\t\t\t\t\t\t<span class=\"elementor-icon-list-icon\">\n\t\t\t\t\t\t\t<i aria-hidden=\"true\" class=\"far fa-envelope\"><\/i>\t\t\t\t\t\t<\/span>\n\t\t\t\t\t\t\t\t\t\t<span class=\"elementor-icon-list-text\">kontakt@quarzkiesboden.de<\/span>\n\t\t\t\t\t\t\t\t\t\t\t<\/a>\n\t\t\t\t\t\t\t\t\t<\/li>\n\t\t\t\t\t\t<\/ul>\n\t\t\t\t<\/div>\n\t\t\t\t<\/div>\n\t\t\t\t<div class=\"elementor-element elementor-element-5951c5d elementor-widget elementor-widget-button\" data-id=\"5951c5d\" data-element_type=\"widget\" data-widget_type=\"button.default\">\n\t\t\t\t<div class=\"elementor-widget-container\">\n\t\t\t\t\t<div class=\"elementor-button-wrapper\">\n\t\t\t<a class=\"elementor-button elementor-button-link elementor-size-sm\" href=\"https:\/\/qubo-leverkusen.de\/\" target=\"_blank\">\n\t\t\t\t\t\t<span class=\"elementor-button-content-wrapper\">\n\t\t\t\t\t\t<span class=\"elementor-button-icon\">\n\t\t\t\t<svg xmlns=\"http:\/\/www.w3.org\/2000\/svg\" width=\"18\" height=\"14\" viewBox=\"0 0 18 14\" fill=\"none\"><path d=\"M10.6667 1.16663L16.5 6.99996M16.5 6.99996L10.6667 12.8333M16.5 6.99996L1.5 6.99996\" stroke=\"white\" stroke-width=\"1.5\" stroke-linecap=\"round\" stroke-linejoin=\"round\"><\/path><\/svg>\t\t\t<\/span>\n\t\t\t\t\t\t\t\t\t<span class=\"elementor-button-text\">To the website<\/span>\n\t\t\t\t\t<\/span>\n\t\t\t\t\t<\/a>\n\t\t<\/div>\n\t\t\t\t<\/div>\n\t\t\t\t<\/div>\n\t\t\t\t<\/div>\n\t\t\t\t<div class=\"elementor-element elementor-element-f93a46b elementor-widget elementor-widget-image\" data-id=\"f93a46b\" data-element_type=\"widget\" data-widget_type=\"image.default\">\n\t\t\t\t<div class=\"elementor-widget-container\">\n\t\t\t\t\t\t\t\t\t\t\t\t\t<img fetchpriority=\"high\" decoding=\"async\" width=\"1023\" height=\"640\" src=\"https:\/\/www.quarzkiesboden.de\/wp-content\/uploads\/2022\/01\/WhatsApp-Image-2021-11-19-at-14.09.30-1-edited.jpeg\" class=\"attachment-full size-full wp-image-58541\" alt=\"Stone carpet Hannover\" srcset=\"https:\/\/www.quarzkiesboden.de\/wp-content\/uploads\/2022\/01\/WhatsApp-Image-2021-11-19-at-14.09.30-1-edited.jpeg 1023w, https:\/\/www.quarzkiesboden.de\/wp-content\/uploads\/2022\/01\/WhatsApp-Image-2021-11-19-at-14.09.30-1-edited-300x188.jpeg 300w, https:\/\/www.quarzkiesboden.de\/wp-content\/uploads\/2022\/01\/WhatsApp-Image-2021-11-19-at-14.09.30-1-edited-768x480.jpeg 768w, https:\/\/www.quarzkiesboden.de\/wp-content\/uploads\/2022\/01\/WhatsApp-Image-2021-11-19-at-14.09.30-1-edited-600x375.jpeg 600w\" sizes=\"(max-width: 1023px) 100vw, 1023px\" \/>\t\t\t\t\t\t\t\t\t\t\t\t\t<\/div>\n\t\t\t\t<\/div>\n\t\t\t\t<\/div>\n\t\t\t\t\t<\/div>\n\t\t\t\t<\/div>\n\t\t<div data-particle_enable=\"false\" data-particle-mobile-disabled=\"false\" class=\"elementor-element elementor-element-e3c8fd7 e-flex e-con-boxed e-con e-parent\" data-id=\"e3c8fd7\" data-element_type=\"container\" data-settings=\"{&quot;jet_parallax_layout_list&quot;:[{&quot;jet_parallax_layout_image&quot;:{&quot;url&quot;:&quot;&quot;,&quot;id&quot;:&quot;&quot;,&quot;size&quot;:&quot;&quot;},&quot;_id&quot;:&quot;ba95382&quot;,&quot;jet_parallax_layout_image_laptop&quot;:{&quot;url&quot;:&quot;&quot;,&quot;id&quot;:&quot;&quot;,&quot;size&quot;:&quot;&quot;},&quot;jet_parallax_layout_image_tablet&quot;:{&quot;url&quot;:&quot;&quot;,&quot;id&quot;:&quot;&quot;,&quot;size&quot;:&quot;&quot;},&quot;jet_parallax_layout_image_mobile&quot;:{&quot;url&quot;:&quot;&quot;,&quot;id&quot;:&quot;&quot;,&quot;size&quot;:&quot;&quot;},&quot;jet_parallax_layout_speed&quot;:{&quot;unit&quot;:&quot;%&quot;,&quot;size&quot;:50,&quot;sizes&quot;:[]},&quot;jet_parallax_layout_type&quot;:&quot;scroll&quot;,&quot;jet_parallax_layout_direction&quot;:&quot;1&quot;,&quot;jet_parallax_layout_fx_direction&quot;:null,&quot;jet_parallax_layout_z_index&quot;:&quot;&quot;,&quot;jet_parallax_layout_bg_x&quot;:50,&quot;jet_parallax_layout_bg_x_laptop&quot;:&quot;&quot;,&quot;jet_parallax_layout_bg_x_tablet&quot;:&quot;&quot;,&quot;jet_parallax_layout_bg_x_mobile&quot;:&quot;&quot;,&quot;jet_parallax_layout_bg_y&quot;:50,&quot;jet_parallax_layout_bg_y_laptop&quot;:&quot;&quot;,&quot;jet_parallax_layout_bg_y_tablet&quot;:&quot;&quot;,&quot;jet_parallax_layout_bg_y_mobile&quot;:&quot;&quot;,&quot;jet_parallax_layout_bg_size&quot;:&quot;auto&quot;,&quot;jet_parallax_layout_bg_size_laptop&quot;:&quot;&quot;,&quot;jet_parallax_layout_bg_size_tablet&quot;:&quot;&quot;,&quot;jet_parallax_layout_bg_size_mobile&quot;:&quot;&quot;,&quot;jet_parallax_layout_animation_prop&quot;:&quot;transform&quot;,&quot;jet_parallax_layout_on&quot;:[&quot;desktop&quot;,&quot;tablet&quot;]}]}\">\n\t\t\t\t\t<div class=\"e-con-inner\">\n\t\t<div data-particle_enable=\"false\" data-particle-mobile-disabled=\"false\" class=\"elementor-element elementor-element-280ad95 e-con-full e-flex e-con e-child\" data-id=\"280ad95\" data-element_type=\"container\" data-settings=\"{&quot;jet_parallax_layout_list&quot;:[]}\">\n\t\t\t\t<div class=\"elementor-element elementor-element-f3843fe elementor-widget elementor-widget-shortcode\" data-id=\"f3843fe\" data-element_type=\"widget\" data-widget_type=\"shortcode.default\">\n\t\t\t\t<div class=\"elementor-widget-container\">\n\t\t\t\t\t<div class=\"elementor-shortcode\"><div class=\"shm-map-block\"><div class=\"shm-title-6 shm-map-title\">Leverkusen<\/div><div class=\"shm-map-container shm_container\" id=\"ShmMap1205327ca822f\" shm_map_id=\"12053\" style=\"height:400px;\"><\/div>\r\n\t<script type='text\/javascript'>\r\n\t\tjQuery(document).ready( function($)\r\n\t\t{\r\n\t\t\tvar points \t\t= []; \r\n\t\t\t\r\n\t\t\tvar mData = {\r\n\t\t\t\tmapType\t\t\t: 'OpenStreetMap',\r\n\t\t\t\tuniq \t\t\t: 'ShmMap1205327ca822f',\r\n\t\t\t\tmuniq\t\t\t: '1205327ca822f',\r\n\t\t\t\tlatitude\t\t: 51.077645,\r\n\t\t\t\tlongitude\t\t: 7.214584,\r\n\t\t\t\tzoom\t\t\t: 10,\r\n\t\t\t\tmap_id\t\t\t: 12053,\r\n\t\t\t\tisClausterer\t: 0,\r\n\t\t\t\tisLayerSwitcher\t: 0,\r\n\t\t\t\tisFullscreen\t: 0,\r\n\t\t\t\tisScrollZoom    : 0,\r\n\t\t\t\tisDrag          : 0,\r\n\t\t\t\tisSearch\t\t: 0,\r\n\t\t\t\tisZoomer\t\t: 0,\r\n\t\t\t\tisAdmin\t\t\t: 0,\r\n\t\t\t\tisMap\t\t\t: true,\r\n\t\t\t\tdefault_icon\t: '',\r\n\t\t\t\tcountry         : '',\r\n\t\t\t\toverlay         : '',\r\n\t\t\t\tborder          : '',\r\n\t\t\t\toverlayOpacity  : '',\r\n\t\t\t\tkmlUrl          : ''\r\n\t\t\t};\r\n\r\n\t\t\tif ( map_type == 1 ) {\r\n\r\n\t\t\t\tymaps.ready( function(){\r\n\r\n\t\t\t\t\tinit_map( mData, points );\r\n\r\n\t\t\t\t\tymaps.borders.load( '001' , {\r\n\t\t\t\t\t\tlang: shmYa.langIso,\r\n\t\t\t\t\t\tquality: 1\r\n\t\t\t\t\t}).then(function (result) {\r\n\r\n\t\t\t\t\t\tlet selectOption   = '<option>...<\/option>';\r\n\t\t\t\t\t\tlet optionValue    = '';\r\n\t\t\t\t\t\tlet optionLabel    = '';\r\n\t\t\t\t\t\tlet optionSelected = '';\r\n\t\t\t\t\t\tlet optionCurrent  = mData.country;\r\n\t\t\t\t\t\tlet allCountries   = [];\r\n\t\t\t\t\t\tlet allOptions     = [];\r\n\r\n\t\t\t\t\t\tfor (var i = 0; i < result.features.length; i++) {\r\n\t\t\t\t\t\t\toptionValue = result.features[i].properties.iso3166;\r\n\t\t\t\t\t\t\toptionLabel = result.features[i].properties.name;\r\n\t\t\t\t\t\t\tallOptions[ optionLabel ] = optionValue;\r\n\t\t\t\t\t\t\tallCountries.push( optionLabel );\r\n\t\t\t\t\t\t}\r\n\r\n\t\t\t\t\t\t\/\/ Sort countries alphabetically\r\n\t\t\t\t\t\tallCountries.sort();\r\n\r\n\t\t\t\t\t\t\/\/ Create html options\r\n\t\t\t\t\t\tallCountries.forEach( function( value, index ){\r\n\t\t\t\t\t\t\toptionValue = allOptions[ value ];\r\n\t\t\t\t\t\t\toptionSelected = '';\r\n\t\t\t\t\t\t\tif ( optionCurrent == optionValue ) {\r\n\t\t\t\t\t\t\t\toptionSelected = 'selected';\r\n\t\t\t\t\t\t\t}\r\n\t\t\t\t\t\t\tselectOption += '<option value=\"' + optionValue + '\" ' + optionSelected + '>' + value + '<\/option>';\r\n\t\t\t\t\t\t});\r\n\r\n\t\t\t\t\t\t\/\/ Add options to admin select\r\n\t\t\t\t\t\tif ( $( '[name=highlight_country]' ).length ) {\r\n\t\t\t\t\t\t\t$( '[name=highlight_country]' ).html( selectOption );\r\n\t\t\t\t\t\t}\r\n\r\n\t\t\t\t\t});\r\n\r\n\t\t\t\t} );\r\n\r\n\t\t\t} else if (map_type == 2) {\r\n\t\t\t\tinit_map( mData, points );\r\n\t\t\t}\r\n\t\t\t\r\n\t\t\t\/\/ Disable submit post form on this page.\r\n\t\t\t$('form#post').on('keyup keypress', function(e) {\r\n\t\t\t\tvar keyCode = e.keyCode || e.which;\r\n\t\t\t\tif (keyCode === 13) { \r\n\t\t\t\te.preventDefault();\r\n\t\t\t\t\treturn false;\r\n\t\t\t\t}\r\n\t\t\t});\r\n\t\t});\r\n\r\n\t\tjQuery(\"<style type='text\/css'>.shm_container .leaflet-popup .leaflet-popup-content-wrapper .leaflet-popup-content .shml-body {max-height: 600px !important;} <\/style>\").appendTo('head');\r\n\r\n\t<\/script><\/div><\/div>\n\t\t\t\t<\/div>\n\t\t\t\t<\/div>\n\t\t\t\t<\/div>\n\t\t\t\t\t<\/div>\n\t\t\t\t<\/div>\n\t\t\t\t<\/div>\n\t\t","protected":false},"excerpt":{"rendered":"<p>Qubo\u00ae PointPartner for stone carpet, microcement and epoxy resin in Leverkusen Qubo\u00ae Point Leverkusen is your partner for seamless coating systems Are you looking for new design ideas for your home?The Qubo\u00ae Point Partner in Leverkusen will be happy to advise you on the possible applications of Qubo\u00ae coating systems. The range extends from seamless [&hellip;]<\/p>\n","protected":false},"author":43,"featured_media":0,"parent":0,"menu_order":0,"comment_status":"closed","ping_status":"closed","template":"elementor_header_footer","meta":{"footnotes":""},"class_list":["post-59175","page","type-page","status-publish","hentry"],"_links":{"self":[{"href":"https:\/\/www.quarzkiesboden.de\/en\/wp-json\/wp\/v2\/pages\/59175"}],"collection":[{"href":"https:\/\/www.quarzkiesboden.de\/en\/wp-json\/wp\/v2\/pages"}],"about":[{"href":"https:\/\/www.quarzkiesboden.de\/en\/wp-json\/wp\/v2\/types\/page"}],"author":[{"embeddable":true,"href":"https:\/\/www.quarzkiesboden.de\/en\/wp-json\/wp\/v2\/users\/43"}],"replies":[{"embeddable":true,"href":"https:\/\/www.quarzkiesboden.de\/en\/wp-json\/wp\/v2\/comments?post=59175"}],"version-history":[{"count":2,"href":"https:\/\/www.quarzkiesboden.de\/en\/wp-json\/wp\/v2\/pages\/59175\/revisions"}],"predecessor-version":[{"id":62986,"href":"https:\/\/www.quarzkiesboden.de\/en\/wp-json\/wp\/v2\/pages\/59175\/revisions\/62986"}],"wp:attachment":[{"href":"https:\/\/www.quarzkiesboden.de\/en\/wp-json\/wp\/v2\/media?parent=59175"}],"curies":[{"name":"wp","href":"https:\/\/api.w.org\/{rel}","templated":true}]}}