{"id":59180,"date":"2024-06-13T11:58:07","date_gmt":"2024-06-13T09:58:07","guid":{"rendered":"https:\/\/www.quarzkiesboden.de\/qubo-base-schwerin\/"},"modified":"2025-12-02T14:50:24","modified_gmt":"2025-12-02T13:50:24","slug":"qubo-point-schwerin","status":"publish","type":"page","link":"https:\/\/www.quarzkiesboden.de\/en\/qubo-point-schwerin\/","title":{"rendered":"Qubo\u00ae base Schwerin"},"content":{"rendered":"\t\t<div data-elementor-type=\"wp-page\" data-elementor-id=\"59180\" class=\"elementor elementor-59180 elementor-52192\" data-elementor-post-type=\"page\">\n\t\t\t\t<div data-particle_enable=\"false\" data-particle-mobile-disabled=\"false\" class=\"elementor-element elementor-element-7473836 e-flex e-con-boxed e-con e-parent\" data-id=\"7473836\" data-element_type=\"container\" data-settings=\"{&quot;background_background&quot;:&quot;classic&quot;,&quot;jet_parallax_layout_list&quot;:[]}\">\n\t\t\t\t\t<div class=\"e-con-inner\">\n\t\t\t\t<div class=\"elementor-element elementor-element-bbf2559 elementor-widget elementor-widget-heading\" data-id=\"bbf2559\" data-element_type=\"widget\" data-widget_type=\"heading.default\">\n\t\t\t\t<div class=\"elementor-widget-container\">\n\t\t\t<h1 class=\"elementor-heading-title elementor-size-default\"><strong>Qubo\u00ae Point<\/strong> <br>Partner f\u00fcr Steinteppich, Mikrozement und Epoxidharz in Schwerin<\/h1>\t\t<\/div>\n\t\t\t\t<\/div>\n\t\t\t\t\t<\/div>\n\t\t\t\t<\/div>\n\t\t<div data-particle_enable=\"false\" data-particle-mobile-disabled=\"false\" class=\"elementor-element elementor-element-069012f e-flex e-con-boxed e-con e-parent\" data-id=\"069012f\" data-element_type=\"container\" data-settings=\"{&quot;jet_parallax_layout_list&quot;:[{&quot;jet_parallax_layout_image&quot;:{&quot;url&quot;:&quot;&quot;,&quot;id&quot;:&quot;&quot;,&quot;size&quot;:&quot;&quot;},&quot;_id&quot;:&quot;d62ac89&quot;,&quot;jet_parallax_layout_image_laptop&quot;:{&quot;url&quot;:&quot;&quot;,&quot;id&quot;:&quot;&quot;,&quot;size&quot;:&quot;&quot;},&quot;jet_parallax_layout_image_tablet&quot;:{&quot;url&quot;:&quot;&quot;,&quot;id&quot;:&quot;&quot;,&quot;size&quot;:&quot;&quot;},&quot;jet_parallax_layout_image_mobile&quot;:{&quot;url&quot;:&quot;&quot;,&quot;id&quot;:&quot;&quot;,&quot;size&quot;:&quot;&quot;},&quot;jet_parallax_layout_speed&quot;:{&quot;unit&quot;:&quot;%&quot;,&quot;size&quot;:50,&quot;sizes&quot;:[]},&quot;jet_parallax_layout_type&quot;:&quot;scroll&quot;,&quot;jet_parallax_layout_direction&quot;:&quot;1&quot;,&quot;jet_parallax_layout_fx_direction&quot;:null,&quot;jet_parallax_layout_z_index&quot;:&quot;&quot;,&quot;jet_parallax_layout_bg_x&quot;:50,&quot;jet_parallax_layout_bg_x_laptop&quot;:&quot;&quot;,&quot;jet_parallax_layout_bg_x_tablet&quot;:&quot;&quot;,&quot;jet_parallax_layout_bg_x_mobile&quot;:&quot;&quot;,&quot;jet_parallax_layout_bg_y&quot;:50,&quot;jet_parallax_layout_bg_y_laptop&quot;:&quot;&quot;,&quot;jet_parallax_layout_bg_y_tablet&quot;:&quot;&quot;,&quot;jet_parallax_layout_bg_y_mobile&quot;:&quot;&quot;,&quot;jet_parallax_layout_bg_size&quot;:&quot;auto&quot;,&quot;jet_parallax_layout_bg_size_laptop&quot;:&quot;&quot;,&quot;jet_parallax_layout_bg_size_tablet&quot;:&quot;&quot;,&quot;jet_parallax_layout_bg_size_mobile&quot;:&quot;&quot;,&quot;jet_parallax_layout_animation_prop&quot;:&quot;transform&quot;,&quot;jet_parallax_layout_on&quot;:[&quot;desktop&quot;,&quot;tablet&quot;]}]}\">\n\t\t\t\t\t<div class=\"e-con-inner\">\n\t\t<div data-particle_enable=\"false\" data-particle-mobile-disabled=\"false\" class=\"elementor-element elementor-element-f215cb2 e-con-full e-flex e-con e-child\" data-id=\"f215cb2\" data-element_type=\"container\" data-settings=\"{&quot;jet_parallax_layout_list&quot;:[]}\">\n\t\t\t\t<div class=\"elementor-element elementor-element-0180e3e elementor-widget elementor-widget-heading\" data-id=\"0180e3e\" data-element_type=\"widget\" data-widget_type=\"heading.default\">\n\t\t\t\t<div class=\"elementor-widget-container\">\n\t\t\t<h2 class=\"elementor-heading-title elementor-size-default\"><span>The Qubo\u00ae Point Schwerin<\/span> is your partner for seamless coating systems<\/h2>\t\t<\/div>\n\t\t\t\t<\/div>\n\t\t\t\t<div class=\"elementor-element elementor-element-b92fd05 elementor-widget elementor-widget-text-editor\" data-id=\"b92fd05\" data-element_type=\"widget\" data-widget_type=\"text-editor.default\">\n\t\t\t\t<div class=\"elementor-widget-container\">\n\t\t\t\t\t\t\t<p>There are numerous ways to create seamless floors, walls, stairs and ceilings. Qubo\u00ae Point Schwerin offers a wide range of systems to coat your surfaces exactly as you want them. <\/p><p>The Qubo\u00ae coating systems such as stone carpet, Qubo\u00aeTec, microcement and epoxy resin offer the right solution for every application. Combine colors, materials and systems with each other and plan your renovation, new construction or refurbishment project with Qubo\u00ae Schwerin. <\/p><p>Arrange your personal consultation appointment now.<\/p>\t\t\t\t\t\t<\/div>\n\t\t\t\t<\/div>\n\t\t\t\t<div class=\"elementor-element elementor-element-322de6b elementor-widget-divider--view-line elementor-widget elementor-widget-divider\" data-id=\"322de6b\" data-element_type=\"widget\" data-widget_type=\"divider.default\">\n\t\t\t\t<div class=\"elementor-widget-container\">\n\t\t\t\t\t<div class=\"elementor-divider\">\n\t\t\t<span class=\"elementor-divider-separator\">\n\t\t\t\t\t\t<\/span>\n\t\t<\/div>\n\t\t\t\t<\/div>\n\t\t\t\t<\/div>\n\t\t\t\t<div class=\"elementor-element elementor-element-a3dced1 elementor-widget elementor-widget-heading\" data-id=\"a3dced1\" data-element_type=\"widget\" data-widget_type=\"heading.default\">\n\t\t\t\t<div class=\"elementor-widget-container\">\n\t\t\t<h3 class=\"elementor-heading-title elementor-size-default\"><span>Service area<\/span> Here, your Qubo\u00ae partner designs floors, stairs, and walls for you in Schwerin and the surrounding area.<\/h3>\t\t<\/div>\n\t\t\t\t<\/div>\n\t\t\t\t<div class=\"elementor-element elementor-element-2e88ba6 elementor-widget elementor-widget-text-editor\" data-id=\"2e88ba6\" data-element_type=\"widget\" data-widget_type=\"text-editor.default\">\n\t\t\t\t<div class=\"elementor-widget-container\">\n\t\t\t\t\t\t\t<p>Schwerin is one of the best-known cities in Mecklenburg-Vorpommern, Germany. With a population of around 95,000, Schwerin is the second largest city in the state. <\/p><p>The city is divided into a total of 18 districts: Altstadt, Schelfstadt, Werdervorstadt, Paulsstadt, Feldstadt, Gro\u00dfer Dreesch, Neu Zippendorf, Mue\u00dfer Holz, Gartenstadt, Ostorf, Lankow, Weststadt, Krebsf\u00f6rden, Warnitz, Friedrichsthal, G\u00f6rries, W\u00fcstmark and G\u00f6hren.<\/p><p>There are various towns and municipalities in the immediate vicinity of Schwerin, such as Wismar, Ludwigslust, Parchim, Gadebusch, Crivitz and Bad Kleinen.<\/p>\t\t\t\t\t\t<\/div>\n\t\t\t\t<\/div>\n\t\t\t\t<div class=\"elementor-element elementor-element-5bffabe elementor-icon-list--layout-inline elementor-list-item-link-full_width elementor-widget elementor-widget-icon-list\" data-id=\"5bffabe\" data-element_type=\"widget\" data-widget_type=\"icon-list.default\">\n\t\t\t\t<div class=\"elementor-widget-container\">\n\t\t\t\t\t<ul class=\"elementor-icon-list-items elementor-inline-items\">\n\t\t\t\t\t\t\t<li class=\"elementor-icon-list-item elementor-inline-item\">\n\t\t\t\t\t\t\t\t\t\t\t<span class=\"elementor-icon-list-icon\">\n\t\t\t\t\t\t\t<i aria-hidden=\"true\" class=\"fas fa-check\"><\/i>\t\t\t\t\t\t<\/span>\n\t\t\t\t\t\t\t\t\t\t<span class=\"elementor-icon-list-text\">Stone carpet<\/span>\n\t\t\t\t\t\t\t\t\t<\/li>\n\t\t\t\t\t\t\t\t<li class=\"elementor-icon-list-item elementor-inline-item\">\n\t\t\t\t\t\t\t\t\t\t\t<span class=\"elementor-icon-list-icon\">\n\t\t\t\t\t\t\t<i aria-hidden=\"true\" class=\"fas fa-check\"><\/i>\t\t\t\t\t\t<\/span>\n\t\t\t\t\t\t\t\t\t\t<span class=\"elementor-icon-list-text\">Microcement<\/span>\n\t\t\t\t\t\t\t\t\t<\/li>\n\t\t\t\t\t\t\t\t<li class=\"elementor-icon-list-item elementor-inline-item\">\n\t\t\t\t\t\t\t\t\t\t\t<span class=\"elementor-icon-list-icon\">\n\t\t\t\t\t\t\t<i aria-hidden=\"true\" class=\"fas fa-check\"><\/i>\t\t\t\t\t\t<\/span>\n\t\t\t\t\t\t\t\t\t\t<span class=\"elementor-icon-list-text\">Epoxy resin<\/span>\n\t\t\t\t\t\t\t\t\t<\/li>\n\t\t\t\t\t\t\t\t<li class=\"elementor-icon-list-item elementor-inline-item\">\n\t\t\t\t\t\t\t\t\t\t\t<span class=\"elementor-icon-list-icon\">\n\t\t\t\t\t\t\t<i aria-hidden=\"true\" class=\"fas fa-check\"><\/i>\t\t\t\t\t\t<\/span>\n\t\t\t\t\t\t\t\t\t\t<span class=\"elementor-icon-list-text\">Qubo\u00aeTec<\/span>\n\t\t\t\t\t\t\t\t\t<\/li>\n\t\t\t\t\t\t<\/ul>\n\t\t\t\t<\/div>\n\t\t\t\t<\/div>\n\t\t\t\t<\/div>\n\t\t<div data-particle_enable=\"false\" data-particle-mobile-disabled=\"false\" class=\"elementor-element elementor-element-ab8456c e-con-full e-flex e-con e-child\" data-id=\"ab8456c\" data-element_type=\"container\" data-settings=\"{&quot;background_background&quot;:&quot;classic&quot;,&quot;jet_parallax_layout_list&quot;:[]}\">\n\t\t<div data-particle_enable=\"false\" data-particle-mobile-disabled=\"false\" class=\"elementor-element elementor-element-2a22eeb e-con-full e-flex e-con e-child\" data-id=\"2a22eeb\" data-element_type=\"container\" data-settings=\"{&quot;jet_parallax_layout_list&quot;:[],&quot;background_background&quot;:&quot;classic&quot;}\">\n\t\t\t\t<div class=\"elementor-element elementor-element-c568a48 elementor-widget elementor-widget-heading\" data-id=\"c568a48\" data-element_type=\"widget\" data-widget_type=\"heading.default\">\n\t\t\t\t<div class=\"elementor-widget-container\">\n\t\t\t<h2 class=\"elementor-heading-title elementor-size-default\">Contact details<\/h2>\t\t<\/div>\n\t\t\t\t<\/div>\n\t\t\t\t<div class=\"elementor-element elementor-element-5d1b382 elementor-widget elementor-widget-text-editor\" data-id=\"5d1b382\" data-element_type=\"widget\" data-widget_type=\"text-editor.default\">\n\t\t\t\t<div class=\"elementor-widget-container\">\n\t\t\t\t\t\t\t<p><strong>Qubo\u00ae Point Schwerin<\/strong><br>Malermeister Steven Prestin<br>Ann-Charlott-Settgast-Str. 3<br>19055 Schwerin<\/p><p><strong>Exhibition:<\/strong><br>Bahnhofstra\u00dfe 58<br>19057 Schwerin<\/p>\t\t\t\t\t\t<\/div>\n\t\t\t\t<\/div>\n\t\t\t\t<div class=\"elementor-element elementor-element-d085f42 elementor-icon-list--layout-traditional elementor-list-item-link-full_width elementor-widget elementor-widget-icon-list\" data-id=\"d085f42\" data-element_type=\"widget\" data-widget_type=\"icon-list.default\">\n\t\t\t\t<div class=\"elementor-widget-container\">\n\t\t\t\t\t<ul class=\"elementor-icon-list-items\">\n\t\t\t\t\t\t\t<li class=\"elementor-icon-list-item\">\n\t\t\t\t\t\t\t\t\t\t\t<a href=\"tel:01732368579\" rel=\"nofollow\">\n\n\t\t\t\t\t\t\t\t\t\t\t\t<span class=\"elementor-icon-list-icon\">\n\t\t\t\t\t\t\t<i aria-hidden=\"true\" class=\"fas fa-phone\"><\/i>\t\t\t\t\t\t<\/span>\n\t\t\t\t\t\t\t\t\t\t<span class=\"elementor-icon-list-text\">0173\/2368579<\/span>\n\t\t\t\t\t\t\t\t\t\t\t<\/a>\n\t\t\t\t\t\t\t\t\t<\/li>\n\t\t\t\t\t\t\t\t<li class=\"elementor-icon-list-item\">\n\t\t\t\t\t\t\t\t\t\t\t<a href=\"mailto:info@qubo-schwerin.de\" rel=\"nofollow\">\n\n\t\t\t\t\t\t\t\t\t\t\t\t<span class=\"elementor-icon-list-icon\">\n\t\t\t\t\t\t\t<i aria-hidden=\"true\" class=\"far fa-envelope\"><\/i>\t\t\t\t\t\t<\/span>\n\t\t\t\t\t\t\t\t\t\t<span class=\"elementor-icon-list-text\">info@qubo-schwerin.de<\/span>\n\t\t\t\t\t\t\t\t\t\t\t<\/a>\n\t\t\t\t\t\t\t\t\t<\/li>\n\t\t\t\t\t\t<\/ul>\n\t\t\t\t<\/div>\n\t\t\t\t<\/div>\n\t\t\t\t<div class=\"elementor-element elementor-element-5d1f235 elementor-widget elementor-widget-button\" data-id=\"5d1f235\" data-element_type=\"widget\" data-widget_type=\"button.default\">\n\t\t\t\t<div class=\"elementor-widget-container\">\n\t\t\t\t\t<div class=\"elementor-button-wrapper\">\n\t\t\t<a class=\"elementor-button elementor-button-link elementor-size-sm\" href=\"https:\/\/qubo-schwerin.de\/\" target=\"_blank\">\n\t\t\t\t\t\t<span class=\"elementor-button-content-wrapper\">\n\t\t\t\t\t\t<span class=\"elementor-button-icon\">\n\t\t\t\t<svg xmlns=\"http:\/\/www.w3.org\/2000\/svg\" width=\"18\" height=\"14\" viewBox=\"0 0 18 14\" fill=\"none\"><path d=\"M10.6667 1.16663L16.5 6.99996M16.5 6.99996L10.6667 12.8333M16.5 6.99996L1.5 6.99996\" stroke=\"white\" stroke-width=\"1.5\" stroke-linecap=\"round\" stroke-linejoin=\"round\"><\/path><\/svg>\t\t\t<\/span>\n\t\t\t\t\t\t\t\t\t<span class=\"elementor-button-text\">To the website<\/span>\n\t\t\t\t\t<\/span>\n\t\t\t\t\t<\/a>\n\t\t<\/div>\n\t\t\t\t<\/div>\n\t\t\t\t<\/div>\n\t\t\t\t<\/div>\n\t\t\t\t<div class=\"elementor-element elementor-element-849cbb9 elementor-widget elementor-widget-image\" data-id=\"849cbb9\" data-element_type=\"widget\" data-widget_type=\"image.default\">\n\t\t\t\t<div class=\"elementor-widget-container\">\n\t\t\t\t\t\t\t\t\t\t\t\t\t<img fetchpriority=\"high\" decoding=\"async\" width=\"1023\" height=\"640\" src=\"https:\/\/www.quarzkiesboden.de\/wp-content\/uploads\/2022\/01\/WhatsApp-Image-2021-11-19-at-14.09.30-1-edited-1.jpeg\" class=\"attachment-full size-full wp-image-58814\" alt=\"Stone carpet Hannover\" srcset=\"https:\/\/www.quarzkiesboden.de\/wp-content\/uploads\/2022\/01\/WhatsApp-Image-2021-11-19-at-14.09.30-1-edited-1.jpeg 1023w, https:\/\/www.quarzkiesboden.de\/wp-content\/uploads\/2022\/01\/WhatsApp-Image-2021-11-19-at-14.09.30-1-edited-1-300x188.jpeg 300w, https:\/\/www.quarzkiesboden.de\/wp-content\/uploads\/2022\/01\/WhatsApp-Image-2021-11-19-at-14.09.30-1-edited-1-768x480.jpeg 768w, https:\/\/www.quarzkiesboden.de\/wp-content\/uploads\/2022\/01\/WhatsApp-Image-2021-11-19-at-14.09.30-1-edited-1-600x375.jpeg 600w\" sizes=\"(max-width: 1023px) 100vw, 1023px\" \/>\t\t\t\t\t\t\t\t\t\t\t\t\t<\/div>\n\t\t\t\t<\/div>\n\t\t\t\t<\/div>\n\t\t\t\t\t<\/div>\n\t\t\t\t<\/div>\n\t\t<div data-particle_enable=\"false\" data-particle-mobile-disabled=\"false\" class=\"elementor-element elementor-element-cea306d e-flex e-con-boxed e-con e-parent\" data-id=\"cea306d\" data-element_type=\"container\" data-settings=\"{&quot;jet_parallax_layout_list&quot;:[{&quot;jet_parallax_layout_image&quot;:{&quot;url&quot;:&quot;&quot;,&quot;id&quot;:&quot;&quot;,&quot;size&quot;:&quot;&quot;},&quot;_id&quot;:&quot;ba95382&quot;,&quot;jet_parallax_layout_image_laptop&quot;:{&quot;url&quot;:&quot;&quot;,&quot;id&quot;:&quot;&quot;,&quot;size&quot;:&quot;&quot;},&quot;jet_parallax_layout_image_tablet&quot;:{&quot;url&quot;:&quot;&quot;,&quot;id&quot;:&quot;&quot;,&quot;size&quot;:&quot;&quot;},&quot;jet_parallax_layout_image_mobile&quot;:{&quot;url&quot;:&quot;&quot;,&quot;id&quot;:&quot;&quot;,&quot;size&quot;:&quot;&quot;},&quot;jet_parallax_layout_speed&quot;:{&quot;unit&quot;:&quot;%&quot;,&quot;size&quot;:50,&quot;sizes&quot;:[]},&quot;jet_parallax_layout_type&quot;:&quot;scroll&quot;,&quot;jet_parallax_layout_direction&quot;:&quot;1&quot;,&quot;jet_parallax_layout_fx_direction&quot;:null,&quot;jet_parallax_layout_z_index&quot;:&quot;&quot;,&quot;jet_parallax_layout_bg_x&quot;:50,&quot;jet_parallax_layout_bg_x_laptop&quot;:&quot;&quot;,&quot;jet_parallax_layout_bg_x_tablet&quot;:&quot;&quot;,&quot;jet_parallax_layout_bg_x_mobile&quot;:&quot;&quot;,&quot;jet_parallax_layout_bg_y&quot;:50,&quot;jet_parallax_layout_bg_y_laptop&quot;:&quot;&quot;,&quot;jet_parallax_layout_bg_y_tablet&quot;:&quot;&quot;,&quot;jet_parallax_layout_bg_y_mobile&quot;:&quot;&quot;,&quot;jet_parallax_layout_bg_size&quot;:&quot;auto&quot;,&quot;jet_parallax_layout_bg_size_laptop&quot;:&quot;&quot;,&quot;jet_parallax_layout_bg_size_tablet&quot;:&quot;&quot;,&quot;jet_parallax_layout_bg_size_mobile&quot;:&quot;&quot;,&quot;jet_parallax_layout_animation_prop&quot;:&quot;transform&quot;,&quot;jet_parallax_layout_on&quot;:[&quot;desktop&quot;,&quot;tablet&quot;]}]}\">\n\t\t\t\t\t<div class=\"e-con-inner\">\n\t\t<div data-particle_enable=\"false\" data-particle-mobile-disabled=\"false\" class=\"elementor-element elementor-element-cff3069 e-con-full e-flex e-con e-child\" data-id=\"cff3069\" data-element_type=\"container\" data-settings=\"{&quot;jet_parallax_layout_list&quot;:[]}\">\n\t\t\t\t<div class=\"elementor-element elementor-element-7bc6b71 elementor-widget elementor-widget-shortcode\" data-id=\"7bc6b71\" data-element_type=\"widget\" data-widget_type=\"shortcode.default\">\n\t\t\t\t<div class=\"elementor-widget-container\">\n\t\t\t\t\t<div class=\"elementor-shortcode\"><div class=\"shm-map-block\"><div class=\"shm-title-6 shm-map-title\">Schwerin<\/div><div class=\"shm-map-container shm_container\" id=\"ShmMap521914d25771b\" shm_map_id=\"52191\" style=\"height:400px;\"><\/div>\r\n\t<script type='text\/javascript'>\r\n\t\tjQuery(document).ready( function($)\r\n\t\t{\r\n\t\t\tvar points \t\t= []; \r\n\t\t\t\r\n\t\t\tvar mData = {\r\n\t\t\t\tmapType\t\t\t: 'OpenStreetMap',\r\n\t\t\t\tuniq \t\t\t: 'ShmMap521914d25771b',\r\n\t\t\t\tmuniq\t\t\t: '521914d25771b',\r\n\t\t\t\tlatitude\t\t: 53.614981,\r\n\t\t\t\tlongitude\t\t: 11.422462,\r\n\t\t\t\tzoom\t\t\t: 11,\r\n\t\t\t\tmap_id\t\t\t: 52191,\r\n\t\t\t\tisClausterer\t: 0,\r\n\t\t\t\tisLayerSwitcher\t: 0,\r\n\t\t\t\tisFullscreen\t: 0,\r\n\t\t\t\tisScrollZoom    : 0,\r\n\t\t\t\tisDrag          : 0,\r\n\t\t\t\tisSearch\t\t: 0,\r\n\t\t\t\tisZoomer\t\t: 0,\r\n\t\t\t\tisAdmin\t\t\t: 0,\r\n\t\t\t\tisMap\t\t\t: true,\r\n\t\t\t\tdefault_icon\t: '',\r\n\t\t\t\tcountry         : '',\r\n\t\t\t\toverlay         : '',\r\n\t\t\t\tborder          : '',\r\n\t\t\t\toverlayOpacity  : '',\r\n\t\t\t\tkmlUrl          : ''\r\n\t\t\t};\r\n\r\n\t\t\tif ( map_type == 1 ) {\r\n\r\n\t\t\t\tymaps.ready( function(){\r\n\r\n\t\t\t\t\tinit_map( mData, points );\r\n\r\n\t\t\t\t\tymaps.borders.load( '001' , {\r\n\t\t\t\t\t\tlang: shmYa.langIso,\r\n\t\t\t\t\t\tquality: 1\r\n\t\t\t\t\t}).then(function (result) {\r\n\r\n\t\t\t\t\t\tlet selectOption   = '<option>...<\/option>';\r\n\t\t\t\t\t\tlet optionValue    = '';\r\n\t\t\t\t\t\tlet optionLabel    = '';\r\n\t\t\t\t\t\tlet optionSelected = '';\r\n\t\t\t\t\t\tlet optionCurrent  = mData.country;\r\n\t\t\t\t\t\tlet allCountries   = [];\r\n\t\t\t\t\t\tlet allOptions     = [];\r\n\r\n\t\t\t\t\t\tfor (var i = 0; i < result.features.length; i++) {\r\n\t\t\t\t\t\t\toptionValue = result.features[i].properties.iso3166;\r\n\t\t\t\t\t\t\toptionLabel = result.features[i].properties.name;\r\n\t\t\t\t\t\t\tallOptions[ optionLabel ] = optionValue;\r\n\t\t\t\t\t\t\tallCountries.push( optionLabel );\r\n\t\t\t\t\t\t}\r\n\r\n\t\t\t\t\t\t\/\/ Sort countries alphabetically\r\n\t\t\t\t\t\tallCountries.sort();\r\n\r\n\t\t\t\t\t\t\/\/ Create html options\r\n\t\t\t\t\t\tallCountries.forEach( function( value, index ){\r\n\t\t\t\t\t\t\toptionValue = allOptions[ value ];\r\n\t\t\t\t\t\t\toptionSelected = '';\r\n\t\t\t\t\t\t\tif ( optionCurrent == optionValue ) {\r\n\t\t\t\t\t\t\t\toptionSelected = 'selected';\r\n\t\t\t\t\t\t\t}\r\n\t\t\t\t\t\t\tselectOption += '<option value=\"' + optionValue + '\" ' + optionSelected + '>' + value + '<\/option>';\r\n\t\t\t\t\t\t});\r\n\r\n\t\t\t\t\t\t\/\/ Add options to admin select\r\n\t\t\t\t\t\tif ( $( '[name=highlight_country]' ).length ) {\r\n\t\t\t\t\t\t\t$( '[name=highlight_country]' ).html( selectOption );\r\n\t\t\t\t\t\t}\r\n\r\n\t\t\t\t\t});\r\n\r\n\t\t\t\t} );\r\n\r\n\t\t\t} else if (map_type == 2) {\r\n\t\t\t\tinit_map( mData, points );\r\n\t\t\t}\r\n\t\t\t\r\n\t\t\t\/\/ Disable submit post form on this page.\r\n\t\t\t$('form#post').on('keyup keypress', function(e) {\r\n\t\t\t\tvar keyCode = e.keyCode || e.which;\r\n\t\t\t\tif (keyCode === 13) { \r\n\t\t\t\te.preventDefault();\r\n\t\t\t\t\treturn false;\r\n\t\t\t\t}\r\n\t\t\t});\r\n\t\t});\r\n\r\n\t\tjQuery(\"<style type='text\/css'>.shm_container .leaflet-popup .leaflet-popup-content-wrapper .leaflet-popup-content .shml-body {max-height: 600px !important;} <\/style>\").appendTo('head');\r\n\r\n\t<\/script><\/div><\/div>\n\t\t\t\t<\/div>\n\t\t\t\t<\/div>\n\t\t\t\t<\/div>\n\t\t\t\t\t<\/div>\n\t\t\t\t<\/div>\n\t\t\t\t<\/div>\n\t\t","protected":false},"excerpt":{"rendered":"<p>Qubo\u00ae Point Partner f\u00fcr Steinteppich, Mikrozement und Epoxidharz in Schwerin The Qubo\u00ae Point Schwerin is your partner for seamless coating systems There are numerous ways to create seamless floors, walls, stairs and ceilings. Qubo\u00ae Point Schwerin offers a wide range of systems to coat your surfaces exactly as you want them. The Qubo\u00ae coating systems [&hellip;]<\/p>\n","protected":false},"author":227,"featured_media":0,"parent":0,"menu_order":0,"comment_status":"closed","ping_status":"closed","template":"elementor_header_footer","meta":{"footnotes":""},"class_list":["post-59180","page","type-page","status-publish","hentry"],"_links":{"self":[{"href":"https:\/\/www.quarzkiesboden.de\/en\/wp-json\/wp\/v2\/pages\/59180"}],"collection":[{"href":"https:\/\/www.quarzkiesboden.de\/en\/wp-json\/wp\/v2\/pages"}],"about":[{"href":"https:\/\/www.quarzkiesboden.de\/en\/wp-json\/wp\/v2\/types\/page"}],"author":[{"embeddable":true,"href":"https:\/\/www.quarzkiesboden.de\/en\/wp-json\/wp\/v2\/users\/227"}],"replies":[{"embeddable":true,"href":"https:\/\/www.quarzkiesboden.de\/en\/wp-json\/wp\/v2\/comments?post=59180"}],"version-history":[{"count":6,"href":"https:\/\/www.quarzkiesboden.de\/en\/wp-json\/wp\/v2\/pages\/59180\/revisions"}],"predecessor-version":[{"id":64894,"href":"https:\/\/www.quarzkiesboden.de\/en\/wp-json\/wp\/v2\/pages\/59180\/revisions\/64894"}],"wp:attachment":[{"href":"https:\/\/www.quarzkiesboden.de\/en\/wp-json\/wp\/v2\/media?parent=59180"}],"curies":[{"name":"wp","href":"https:\/\/api.w.org\/{rel}","templated":true}]}}